{"id":3291,"date":"2023-11-08T16:39:24","date_gmt":"2023-11-08T16:39:24","guid":{"rendered":"https:\/\/inspirandot.com\/?page_id=3291"},"modified":"2024-07-09T00:16:04","modified_gmt":"2024-07-09T00:16:04","slug":"importaciones-y-exportaciones","status":"publish","type":"page","link":"https:\/\/inspirandot.com\/index.php\/importaciones-y-exportaciones\/","title":{"rendered":"Importaciones y Exportaciones"},"content":{"rendered":"<p>[vc_row][vc_column width=&#8221;1\/2&#8243;][vc_single_image image=&#8221;3312&#8243; img_size=&#8221;large&#8221; alignment=&#8221;center&#8221; style=&#8221;vc_box_rounded&#8221;][\/vc_column][vc_column width=&#8221;1\/2&#8243;][vc_column_text]<\/p>\n<h2>Actualmente estamos promoviendo una variedad intrigante de caf\u00e9s especiales colombianos, que ofrecen diversos sabores y aromas originarios de varias regiones del pa\u00eds.<\/h2>\n<p>[\/vc_column_text][vc_single_image image=&#8221;3377&#8243; img_size=&#8221;large&#8221; css_animation=&#8221;fadeIn&#8221;][vc_btn title=&#8221;Para m\u00e1s informaci\u00f3n ingresa aqu\u00ed&#8221; color=&#8221;green&#8221; size=&#8221;lg&#8221; i_icon_fontawesome=&#8221;far fa-arrow-alt-circle-right&#8221; add_icon=&#8221;true&#8221; link=&#8221;url:https%3A%2F%2Fwww.hedapglobalexchange.com%2Fcopy-of-coal-coke-1&#8243;][\/vc_column][\/vc_row][vc_row][vc_column][vc_column_text]<a href=\"https:\/\/inspirandot.com\/wp-content\/uploads\/2023\/11\/BANNER-GRUPO-INSPIRANDOT.png\"><img loading=\"lazy\" decoding=\"async\" class=\"aligncenter size-full wp-image-3293\" src=\"https:\/\/inspirandot.com\/wp-content\/uploads\/2023\/11\/BANNER-GRUPO-INSPIRANDOT.png\" alt=\"\" width=\"2800\" height=\"1600\" srcset=\"https:\/\/inspirandot.com\/wp-content\/uploads\/2023\/11\/BANNER-GRUPO-INSPIRANDOT.png 2800w, https:\/\/inspirandot.com\/wp-content\/uploads\/2023\/11\/BANNER-GRUPO-INSPIRANDOT-300x171.png 300w, https:\/\/inspirandot.com\/wp-content\/uploads\/2023\/11\/BANNER-GRUPO-INSPIRANDOT-1024x585.png 1024w, https:\/\/inspirandot.com\/wp-content\/uploads\/2023\/11\/BANNER-GRUPO-INSPIRANDOT-768x439.png 768w, https:\/\/inspirandot.com\/wp-content\/uploads\/2023\/11\/BANNER-GRUPO-INSPIRANDOT-1536x878.png 1536w, https:\/\/inspirandot.com\/wp-content\/uploads\/2023\/11\/BANNER-GRUPO-INSPIRANDOT-2048x1170.png 2048w, https:\/\/inspirandot.com\/wp-content\/uploads\/2023\/11\/BANNER-GRUPO-INSPIRANDOT-600x343.png 600w\" sizes=\"auto, (max-width: 2800px) 100vw, 2800px\" \/><\/a>[\/vc_column_text][\/vc_column][\/vc_row]<\/p>\n","protected":false},"excerpt":{"rendered":"<p>[vc_row][vc_column width=&#8221;1\/2&#8243;][vc_single_image image=&#8221;3312&#8243; img_size=&#8221;large&#8221; alignment=&#8221;center&#8221; style=&#8221;vc_box_rounded&#8221;][\/vc_column][vc_column width=&#8221;1\/2&#8243;][vc_column_text] Actualmente estamos promoviendo una variedad intrigante de caf\u00e9s especiales colombianos, que ofrecen diversos sabores y aromas originarios de varias regiones del pa\u00eds. [\/vc_column_text][vc_single_image image=&#8221;3377&#8243; img_size=&#8221;large&#8221; css_animation=&#8221;fadeIn&#8221;][vc_btn title=&#8221;Para m\u00e1s informaci\u00f3n ingresa aqu\u00ed&#8221; color=&#8221;green&#8221; size=&#8221;lg&#8221; i_icon_fontawesome=&#8221;far fa-arrow-alt-circle-right&#8221; add_icon=&#8221;true&#8221; link=&#8221;url:https%3A%2F%2Fwww.hedapglobalexchange.com%2Fcopy-of-coal-coke-1&#8243;][\/vc_column][\/vc_row][vc_row][vc_column][vc_column_text][\/vc_column_text][\/vc_column][\/vc_row]<\/p>\n","protected":false},"author":1,"featured_media":0,"parent":0,"menu_order":0,"comment_status":"closed","ping_status":"closed","template":"","meta":{"_mc_calendar":[],"footnotes":""},"class_list":["post-3291","page","type-page","status-publish","hentry"],"_links":{"self":[{"href":"https:\/\/inspirandot.com\/index.php\/wp-json\/wp\/v2\/pages\/3291","targetHints":{"allow":["GET"]}}],"collection":[{"href":"https:\/\/inspirandot.com\/index.php\/wp-json\/wp\/v2\/pages"}],"about":[{"href":"https:\/\/inspirandot.com\/index.php\/wp-json\/wp\/v2\/types\/page"}],"author":[{"embeddable":true,"href":"https:\/\/inspirandot.com\/index.php\/wp-json\/wp\/v2\/users\/1"}],"replies":[{"embeddable":true,"href":"https:\/\/inspirandot.com\/index.php\/wp-json\/wp\/v2\/comments?post=3291"}],"version-history":[{"count":10,"href":"https:\/\/inspirandot.com\/index.php\/wp-json\/wp\/v2\/pages\/3291\/revisions"}],"predecessor-version":[{"id":3378,"href":"https:\/\/inspirandot.com\/index.php\/wp-json\/wp\/v2\/pages\/3291\/revisions\/3378"}],"wp:attachment":[{"href":"https:\/\/inspirandot.com\/index.php\/wp-json\/wp\/v2\/media?parent=3291"}],"curies":[{"name":"wp","href":"https:\/\/api.w.org\/{rel}","templated":true}]}}