{"id":2644,"date":"2020-12-15T18:02:28","date_gmt":"2020-12-15T18:02:28","guid":{"rendered":"https:\/\/inspirandot.com\/?page_id=2644"},"modified":"2020-12-15T20:57:11","modified_gmt":"2020-12-15T20:57:11","slug":"politica-de-privacidad","status":"publish","type":"page","link":"https:\/\/inspirandot.com\/index.php\/politica-de-privacidad\/","title":{"rendered":"Pol\u00edtica de privacidad y manejo de informaci\u00f3n personal"},"content":{"rendered":"<p>[vc_row css=&#8221;.vc_custom_1608065818398{margin-top: 50px !important;}&#8221;][vc_column][vc_custom_heading text=&#8221;Pol\u00edtica de privacidad y manejo de informaci\u00f3n personal&#8221; font_container=&#8221;tag:h1|text_align:center|color:%2377f24b&#8221; google_fonts=&#8221;font_family:Lato%3A100%2C100italic%2C300%2C300italic%2Cregular%2Citalic%2C700%2C700italic%2C900%2C900italic|font_style:400%20regular%3A400%3Anormal&#8221; css_animation=&#8221;bounceIn&#8221; css=&#8221;.vc_custom_1608063153702{margin-bottom: 50px !important;}&#8221;][vc_column_text css=&#8221;.vc_custom_1608065826369{margin-top: 100px !important;}&#8221;]<\/p>\n<p style=\"text-align: justify;\"><span style=\"color: #abc12f;\"><b>Qui\u00e9n es el responsable de proteger sus datos:<\/b><\/span> <span style=\"color: #000000;\">Seg\u00fan la legislaci\u00f3n colombiana, el responsable del tratamiento de sus datos en este sitio web y dem\u00e1s aplicaciones m\u00f3viles, email, textos u otros mensajes electr\u00f3nicos es InspirandoT SAS BIC. En cumplimiento de la Ley 1581 de 2012 \u201cLey de protecci\u00f3n de datos personales\u201d y el Decreto 1377 de 2013, informamos que somos responsables de la administraci\u00f3n de dichos datos. Seg\u00fan nuestras pol\u00edticas de tratamiento de datos personales, los mecanismos a trav\u00e9s de los cuales hacemos uso de \u00e9stos, son seguros y confidenciales. Esto se logra mediante el uso de medios tecnol\u00f3gicos id\u00f3neos para asegurar que sean almacenados evitando el acceso indeseado por parte de terceras personas, y en ese mismo orden garantizamos la confidencialidad de los datos suministrados por los usuarios.<\/span><\/p>\n<p style=\"text-align: justify;\"><span style=\"color: #abc12f;\"><b>Qu\u00e9 datos recogemos sobre usted:<\/b><\/span> <span style=\"color: #000000;\">Tenemos como compromiso fundamental garantizar la protecci\u00f3n de la privacidad de los datos que nos suministra a trav\u00e9s de la p\u00e1gina web y dem\u00e1s aplicaciones m\u00f3viles que InspirandoT SAS BIC promueve, emails, textos, u otros mensajes electr\u00f3nicos entre usted y nuestra web. Para ponerse en contacto con nosotros a trav\u00e9s de la web, debe diligenciar el formulario de contacto para el que necesitar\u00e1 suministrar informaci\u00f3n personal la cual puede incluir datos como su nombre completo, ocupaci\u00f3n, email y tel\u00e9fono. Esta pol\u00edtica de privacidad no aplica para la informaci\u00f3n recogida por cualquier otra web o aplicaci\u00f3n m\u00f3vil operada por terceros, incluyendo cualquier aplicaci\u00f3n o contenido (publicidad) que est\u00e9 enlazado o accesible desde nuestra web.<\/span><\/p>\n<p style=\"text-align: justify;\"><span style=\"color: #abc12f;\"><b>C\u00f3mo recogemos la informaci\u00f3n sobre usted:<\/b> <\/span><span style=\"color: #000000;\">La forma de recolectar la informaci\u00f3n puede ser directamente cuando usted nos la suministra ingresando sus datos a nuestra web, o indirectamente y de manera autom\u00e1tica cuando navega por nuestra web, permitiendo obtener sus registros de uso, direcci\u00f3n IP e informaci\u00f3n recogida mediante cookies, flash cookies, anal\u00edticas web entre otras tecnolog\u00edas de seguimiento.<\/span><\/p>\n<p style=\"text-align: justify;\"><span style=\"color: #abc12f;\"><b>C\u00f3mo funciona la recolecci\u00f3n de datos por medios autom\u00e1ticos:<\/b><\/span> <span style=\"color: #000000;\">Mientras est\u00e1 navegando e interactuando con nuestra p\u00e1gina web, al mismo tiempo, la tecnolog\u00eda mediante el uso de anal\u00edticas web y dem\u00e1s recursos de seguimiento, permite que nosotros o terceros a nuestro nombre podamos recoger cierta informaci\u00f3n sobre usted que no es de contenido personal, sino meramente estad\u00edstico, ya que esto nos permite estimar el tama\u00f1o del p\u00fablico, identificar aspectos de su inter\u00e9s m\u00e1s relevantes, agilizar la b\u00fasqueda de contenido en nuestra p\u00e1gina web e identificar cuando acceda a la p\u00e1gina. La informaci\u00f3n recogida de manera autom\u00e1tica incluye datos de su ordenador, conexiones a internet, direcci\u00f3n IP, sistema operativo, acciones de navegaci\u00f3n tales como detalles de su visita a nuestra web, datos de localizaci\u00f3n, registros de datos e informaci\u00f3n on-line de su inter\u00e9s.<\/span><\/p>\n<p style=\"text-align: justify;\"><span style=\"color: #abc12f;\"><b>Para qu\u00e9 usamos los datos recogidos:<\/b><\/span><span style=\"color: #000000;\"> La informaci\u00f3n que recogemos sobre usted y que nos suministra, o la que recogemos de manera autom\u00e1tica mediante el sistema de informaci\u00f3n mientras est\u00e1 navegando en nuestra p\u00e1gina web, la usamos para presentarle nuestra web y sus contenidos, permitirle que interact\u00fae con los elementos de nuestra p\u00e1gina y para tramitar sus solicitudes. As\u00ed mismo, y siempre que contemos con su aprobaci\u00f3n mediante la activaci\u00f3n de la casilla de libre consentimiento, InspirandoT SAS BIC podr\u00e1 enviarle emails a la direcci\u00f3n que nos proporcion\u00f3 con relaci\u00f3n a eventos, promociones, publicidad y opini\u00f3n. En general, usaremos la informaci\u00f3n que recojamos sobre usted para cumplir cualquier prop\u00f3sito para el cual haya suministrado su informaci\u00f3n en nuestra p\u00e1gina web. Su informaci\u00f3n tambi\u00e9n podr\u00e1 ser usada por nuestro departamento de servicio al cliente para procesar sus sugerencias, peticiones, quejas o reclamos y garantizar el mejor servicio tal y como usted lo merece. La informaci\u00f3n suministrada por los usuarios ser\u00e1 utilizada con fines publicitarios, para hacer cobros y para enviar informaci\u00f3n que haya sido solicitada o que se considere \u00fatil para los usuarios de InspirandoT SAS BIC.<\/span><\/p>\n<p style=\"text-align: justify;\"><span style=\"color: #000000;\">Los datos personales que nos suministre a trav\u00e9s de nuestra p\u00e1gina web son resultado de un acto voluntario y de libre consentimiento para que sean usados conforme a lo establecido en esta pol\u00edtica de privacidad, con el fin de acceder a los servicios ofrecidos en la plataforma, toda vez que, de no suministrar alg\u00fan tipo de informaci\u00f3n personal all\u00ed requerida, no ser\u00e1 posible concluir el proceso.<\/span><\/p>\n<p style=\"text-align: justify;\"><span style=\"color: #abc12f;\"><b>Cu\u00e1les son sus derechos:<\/b><\/span> <span style=\"color: #000000;\">En cumplimiento de lo dispuesto en la normatividad vigente aplicable al tratamiento de datos personales, como usuario, se le reconocen los derechos de acceso, rectificaci\u00f3n, cancelaci\u00f3n y oposici\u00f3n al manejo de sus datos personales. A continuaci\u00f3n, se hace una breve descripci\u00f3n de lo que cada uno de ellos significa:<\/span><\/p>\n<p style=\"text-align: justify;\"><span style=\"color: #abc12f;\"><b>Cancelaci\u00f3n:<\/b> <\/span><span style=\"color: #000000;\">Este derecho tiene que ver con la facultad que tiene el titular de los datos personales de poder solicitar ante el responsable del tratamiento de sus datos personales, la cancelaci\u00f3n o supresi\u00f3n de un dato que resulte innecesario o no para la finalidad con la que inicialmente fue suministrado. El material publicitario de oferta, descuentos, y en general todo aquel contenido que es enviado por e-mail a todos nuestros usuarios, consta de la opci\u00f3n para cancelar la recepci\u00f3n de tal contenido, en el evento en que as\u00ed el usuario lo requiera; de igual forma, tambi\u00e9n tiene la opci\u00f3n de escribirnos al correo<\/span> <a href=\"mailto:comunicaciones@inspirandot.com\">comunicaciones@inspirandot.com<\/a> <span style=\"color: #000000;\">haciendo su solicitud de cancelaci\u00f3n.<\/span><\/p>\n<p style=\"text-align: justify;\"><span style=\"color: #abc12f;\"><b>Oposici\u00f3n:<\/b> <\/span><span style=\"color: #000000;\">Este derecho tiene que ver con la facultad que tiene el titular de la informaci\u00f3n de oponerse al tratamiento de sus datos personales, salvo los casos en que tal derecho no proceda por disposici\u00f3n legal o por vulnerar intereses generales superiores al inter\u00e9s particular; sin embargo, podr\u00e1 InspirandoT SAS BIC con base en los leg\u00edtimos derechos que argumente el titular del dato personal, tomar la decisi\u00f3n pertinente.<\/span><\/p>\n<p style=\"text-align: justify;\"><span style=\"color: #abc12f;\"><b>Acceso:<\/b> <\/span><span style=\"color: #000000;\">Este derecho tiene que ver con la facultad que tiene el titular de los datos de obtener toda la informaci\u00f3n respecto de sus propios datos personales, bien sea de manera parcial o completa, de conocer el tratamiento aplicado a los mismos, su finalidad, y las diferentes bases de datos en las que estos son almacenados, as\u00ed como tambi\u00e9n de conocer acerca de la transferencia de datos o revelaci\u00f3n de informaci\u00f3n, sea esta, autorizada o no.<\/span><\/p>\n<p style=\"text-align: justify;\"><span style=\"color: #abc12f;\"><b>Rectificaci\u00f3n:<\/b><\/span> <span style=\"color: #000000;\">Este derecho tiene que ver con la facultad que tiene el titular de la informaci\u00f3n de modificar aquellos datos que resulten ser inexactos, incompletos o inexistentes. Podr\u00e1 pedir la correcci\u00f3n, la adici\u00f3n, la eliminaci\u00f3n o el bloqueo de sus datos personales.<\/span><\/p>\n<p style=\"text-align: justify;\"><span style=\"color: #abc12f;\"><b>Seguridad de la informaci\u00f3n:<\/b><\/span> <span style=\"color: #000000;\">Con el fin de proteger los datos personales contra su destrucci\u00f3n accidental o il\u00edcita o su p\u00e9rdida, su alteraci\u00f3n, uso, divulgaci\u00f3n o acceso no autorizado, especialmente cuando el tratamiento suponga la transmisi\u00f3n de los datos por redes, o cualquier otra forma il\u00edcita de tratamiento y uso indebido, se adoptar\u00e1n las medidas t\u00e9cnicas y administrativas de obligatorio acatamiento por parte de los destinatarios de esta norma.<\/span><\/p>\n<p style=\"text-align: justify;\"><span style=\"color: #abc12f;\"><b>Protecci\u00f3n datos de menores de edad:<\/b> <\/span><span style=\"color: #000000;\">InspirandoT SAS BIC solamente proceder\u00e1 el tratamiento de datos personales de ni\u00f1os, ni\u00f1as y adolescentes menores de edad siempre y cuando medie el consentimiento expreso, previo e informado de sus representantes y\/o de las personas que ostenten la representaci\u00f3n del menor, para las finalidades requeridas en relaci\u00f3n con el ejercicio de su actividad empresarial. En todo caso, InspirandoT SAS BIC garantizar\u00e1 el respeto a los derechos prevalentes que la Constituci\u00f3n Pol\u00edtica reconoce a este sector de la poblaci\u00f3n, en armon\u00eda con el C\u00f3digo de la Infancia y la Adolescencia y las dem\u00e1s normas concordantes.<\/span><\/p>\n<p style=\"text-align: justify;\"><span style=\"color: #abc12f;\"><b>Formularios de participaci\u00f3n en eventos:<\/b> <\/span><span style=\"color: #000000;\">Dentro de nuestra p\u00e1gina web encontrar\u00e1 la pesta\u00f1a de eventos en los que podr\u00e1 participar haciendo el debido diligenciamiento de los formularios de inscripci\u00f3n. En estos formularios deber\u00e1 suministrar informaci\u00f3n como su nombre, tel\u00e9fono, mail, entidad con la que labora, cargo, etc. Es importante resaltar que adicional a los formularios de inscripci\u00f3n, durante el desarrollo de los eventos validamos su nivel de satisfacci\u00f3n con la experiencia en la que decidi\u00f3 participar voluntariamente, a trav\u00e9s de peque\u00f1as encuestas o cuestionarios en los que tambi\u00e9n se solicitan los datos mencionados anteriormente.<\/span><\/p>\n<p style=\"text-align: justify;\"><span style=\"color: #abc12f;\"><b>Redes sociales:<\/b><\/span> <span style=\"color: #000000;\">Sepa que nuestro sitio web proporciona conectores a nuestras redes sociales, por lo que, dependiendo de cu\u00e1l haya sido su participaci\u00f3n en cualquiera de nuestros eventos, existe la posibilidad de que reciba reconocimientos, agradecimientos, certificaciones o menciones p\u00fablicas a trav\u00e9s de nuestras redes.<\/span><\/p>\n<p style=\"text-align: justify;\"><span style=\"color: #abc12f;\"><b>Informaci\u00f3n de contacto:<\/b><\/span><span style=\"color: #000000;\"> Si tiene alguna inquietud relativa al tratamiento de sus datos personales o sobre nuestra pol\u00edtica de privacidad, puede ponerse en contacto con nosotros.<\/span><\/p>\n<p>[\/vc_column_text][\/vc_column][\/vc_row]<\/p>\n","protected":false},"excerpt":{"rendered":"<p>[vc_row css=&#8221;.vc_custom_1608065818398{margin-top: 50px !important;}&#8221;][vc_column][vc_custom_heading text=&#8221;Pol\u00edtica de privacidad y manejo de informaci\u00f3n personal&#8221; font_container=&#8221;tag:h1|text_align:center|color:%2377f24b&#8221; google_fonts=&#8221;font_family:Lato%3A100%2C100italic%2C300%2C300italic%2Cregular%2Citalic%2C700%2C700italic%2C900%2C900italic|font_style:400%20regular%3A400%3Anormal&#8221; css_animation=&#8221;bounceIn&#8221; css=&#8221;.vc_custom_1608063153702{margin-bottom: 50px !important;}&#8221;][vc_column_text css=&#8221;.vc_custom_1608065826369{margin-top: 100px !important;}&#8221;] Qui\u00e9n es el responsable de proteger sus datos: Seg\u00fan la legislaci\u00f3n colombiana, el responsable del tratamiento de sus datos en este sitio web y dem\u00e1s aplicaciones m\u00f3viles, email, textos u otros mensajes electr\u00f3nicos es<\/p>\n","protected":false},"author":1,"featured_media":0,"parent":0,"menu_order":0,"comment_status":"closed","ping_status":"closed","template":"","meta":{"_mc_calendar":[],"footnotes":""},"class_list":["post-2644","page","type-page","status-publish","hentry"],"_links":{"self":[{"href":"https:\/\/inspirandot.com\/index.php\/wp-json\/wp\/v2\/pages\/2644","targetHints":{"allow":["GET"]}}],"collection":[{"href":"https:\/\/inspirandot.com\/index.php\/wp-json\/wp\/v2\/pages"}],"about":[{"href":"https:\/\/inspirandot.com\/index.php\/wp-json\/wp\/v2\/types\/page"}],"author":[{"embeddable":true,"href":"https:\/\/inspirandot.com\/index.php\/wp-json\/wp\/v2\/users\/1"}],"replies":[{"embeddable":true,"href":"https:\/\/inspirandot.com\/index.php\/wp-json\/wp\/v2\/comments?post=2644"}],"version-history":[{"count":5,"href":"https:\/\/inspirandot.com\/index.php\/wp-json\/wp\/v2\/pages\/2644\/revisions"}],"predecessor-version":[{"id":2653,"href":"https:\/\/inspirandot.com\/index.php\/wp-json\/wp\/v2\/pages\/2644\/revisions\/2653"}],"wp:attachment":[{"href":"https:\/\/inspirandot.com\/index.php\/wp-json\/wp\/v2\/media?parent=2644"}],"curies":[{"name":"wp","href":"https:\/\/api.w.org\/{rel}","templated":true}]}}