{"id":2441,"date":"2020-04-14T21:10:58","date_gmt":"2020-04-14T21:10:58","guid":{"rendered":"https:\/\/inspirandot.com\/?page_id=2441"},"modified":"2020-04-17T21:21:24","modified_gmt":"2020-04-17T21:21:24","slug":"2441-2","status":"publish","type":"page","link":"https:\/\/inspirandot.com\/index.php\/2441-2\/","title":{"rendered":"Conexiones Virtuales"},"content":{"rendered":"<p>[vc_row][vc_column][vc_single_image image=&#8221;2468&#8243; img_size=&#8221;full&#8221; alignment=&#8221;center&#8221;][\/vc_column][\/vc_row][vc_row][vc_column width=&#8221;1\/4&#8243;][\/vc_column][vc_column width=&#8221;1\/2&#8243; css=&#8221;.vc_custom_1586966066342{border-right-width: 1px !important;border-left-width: 1px !important;border-left-color: #000000 !important;border-left-style: solid !important;border-right-color: #000000 !important;border-right-style: solid !important;}&#8221;][vc_custom_heading text=&#8221;Webinar Sociedades BIC. Ministerio de Comercio, Industria y Turismo. Abril 21. &#8221; font_container=&#8221;tag:h6|font_size:17|text_align:center&#8221; google_fonts=&#8221;font_family:Roboto%20Condensed%3A300%2C300italic%2Cregular%2Citalic%2C700%2C700italic|font_style:400%20regular%3A400%3Anormal&#8221;][vc_btn title=&#8221;Inscr\u00edbete Aqu\u00ed&#8221; style=&#8221;outline-custom&#8221; outline_custom_color=&#8221;#abc12f&#8221; outline_custom_hover_background=&#8221;#000000&#8243; outline_custom_hover_text=&#8221;#ffffff&#8221; shape=&#8221;round&#8221; align=&#8221;center&#8221; link=&#8221;url:https%3A%2F%2Fforms.gle%2FhJfdc7r49fg13ayG7|||&#8221; css=&#8221;.vc_custom_1586966275796{margin-top: 50px !important;}&#8221;][\/vc_column][vc_column width=&#8221;1\/4&#8243;][\/vc_column][\/vc_row][vc_row][vc_column][vc_separator color=&#8221;green&#8221; css=&#8221;.vc_custom_1586966244864{margin-top: 40px !important;}&#8221;][\/vc_column][\/vc_row][vc_row css=&#8221;.vc_custom_1586965998880{margin-top: 50px !important;}&#8221;][vc_column width=&#8221;1\/2&#8243; css=&#8221;.vc_custom_1586898277581{border-right-width: 1px !important;border-right-color: #000000 !important;border-right-style: solid !important;}&#8221;][vc_custom_heading text=&#8221;Webinar Discovery como caso de Negocio Consciente con Carolina Angarita\/Mar. 09.&#8221; font_container=&#8221;tag:h6|font_size:17|text_align:center&#8221; google_fonts=&#8221;font_family:Roboto%20Condensed%3A300%2C300italic%2Cregular%2Citalic%2C700%2C700italic|font_style:400%20regular%3A400%3Anormal&#8221;][vc_btn title=&#8221;Memorias&#8221; style=&#8221;outline-custom&#8221; outline_custom_color=&#8221;#abc12f&#8221; outline_custom_hover_background=&#8221;#000000&#8243; outline_custom_hover_text=&#8221;#ffffff&#8221; shape=&#8221;round&#8221; align=&#8221;center&#8221; link=&#8221;url:https%3A%2F%2Fwww.youtube.com%2Fwatch%3Fv%3DK_YgVTpihkY|||&#8221; css=&#8221;.vc_custom_1586966434541{margin-top: 50px !important;}&#8221;][vc_video link=&#8221;https:\/\/www.youtube.com\/watch?v=K_YgVTpihkY&amp;feature=emb_logo&#8221;][\/vc_column][vc_column width=&#8221;1\/2&#8243; css=&#8221;.vc_custom_1586898296255{border-right-width: 1px !important;border-right-color: #000000 !important;border-right-style: solid !important;}&#8221;][vc_custom_heading text=&#8221;Webinar Equi\u00f3n Energ\u00eda como caso de Negocio Consciente con Victoria Ria\u00f1o\/Mar. 04. &#8221; font_container=&#8221;tag:h6|font_size:17|text_align:center&#8221; google_fonts=&#8221;font_family:Roboto%20Condensed%3A300%2C300italic%2Cregular%2Citalic%2C700%2C700italic|font_style:400%20regular%3A400%3Anormal&#8221;][vc_btn title=&#8221;Memorias&#8221; style=&#8221;outline-custom&#8221; outline_custom_color=&#8221;#abc12f&#8221; outline_custom_hover_background=&#8221;#000000&#8243; outline_custom_hover_text=&#8221;#ffffff&#8221; shape=&#8221;round&#8221; align=&#8221;center&#8221; link=&#8221;url:https%3A%2F%2Fwww.youtube.com%2Fwatch%3Fv%3DZQ81_V_Pjws%26feature%3Dyoutu.be|||&#8221; css=&#8221;.vc_custom_1586966440794{margin-top: 50px !important;}&#8221;][vc_video link=&#8221;https:\/\/www.youtube.com\/watch?v=ZQ81_V_Pjws&amp;feature=emb_logo&#8221;][\/vc_column][\/vc_row][vc_row][vc_column][vc_separator color=&#8221;green&#8221; css=&#8221;.vc_custom_1586966252232{margin-top: 40px !important;}&#8221;][\/vc_column][\/vc_row][vc_row css=&#8221;.vc_custom_1586965852432{margin-top: 40px !important;}&#8221;][vc_column width=&#8221;1\/2&#8243; css=&#8221;.vc_custom_1586966020334{border-right-width: 1px !important;border-right-color: #000000 !important;border-right-style: solid !important;}&#8221;][vc_custom_heading text=&#8221;Webinar Pre-Certificaci\u00f3n Conscious Business Change Agent con Thomas Eckschmidt\/Feb. 17. &#8221; font_container=&#8221;tag:h6|font_size:17|text_align:center&#8221; google_fonts=&#8221;font_family:Roboto%20Condensed%3A300%2C300italic%2Cregular%2Citalic%2C700%2C700italic|font_style:400%20regular%3A400%3Anormal&#8221; css=&#8221;.vc_custom_1586966462623{margin-top: 5px !important;}&#8221;][vc_btn title=&#8221;Memorias&#8221; style=&#8221;outline-custom&#8221; outline_custom_color=&#8221;#abc12f&#8221; outline_custom_hover_background=&#8221;#000000&#8243; outline_custom_hover_text=&#8221;#ffffff&#8221; shape=&#8221;round&#8221; align=&#8221;center&#8221; link=&#8221;url:https%3A%2F%2Fwww.youtube.com%2Fwatch%3Fv%3DYLthw9WkzPE%26feature%3Dyoutu.be|||&#8221; css=&#8221;.vc_custom_1586966412627{margin-top: 84px !important;}&#8221;][vc_video link=&#8221;https:\/\/www.youtube.com\/watch?v=YLthw9WkzPE&amp;feature=emb_logo&#8221;][\/vc_column][vc_column width=&#8221;1\/2&#8243;][vc_custom_heading text=&#8221;Webinar Fundamentos de Capitalismo Consciente-Master Class con Thomas Eckschmidt\/Feb. 10.&#8221; font_container=&#8221;tag:h6|font_size:17|text_align:center&#8221; google_fonts=&#8221;font_family:Roboto%20Condensed%3A300%2C300italic%2Cregular%2Citalic%2C700%2C700italic|font_style:400%20regular%3A400%3Anormal&#8221; css=&#8221;.vc_custom_1586966470134{margin-top: 40px !important;}&#8221;][vc_btn title=&#8221;Memorias&#8221; style=&#8221;outline-custom&#8221; outline_custom_color=&#8221;#abc12f&#8221; outline_custom_hover_background=&#8221;#000000&#8243; outline_custom_hover_text=&#8221;#ffffff&#8221; shape=&#8221;round&#8221; align=&#8221;center&#8221; link=&#8221;url:https%3A%2F%2Fwww.youtube.com%2Fwatch%3Fv%3DpxCA-_cH5bI%26feature%3Dyoutu.be|||&#8221; css=&#8221;.vc_custom_1586966418761{margin-top: 84px !important;}&#8221;][vc_video link=&#8221;https:\/\/www.youtube.com\/watch?v=pxCA-_cH5bI&amp;feature=emb_logo&#8221;][\/vc_column][\/vc_row]<\/p>\n","protected":false},"excerpt":{"rendered":"<p>[vc_row][vc_column][vc_single_image image=&#8221;2468&#8243; img_size=&#8221;full&#8221; alignment=&#8221;center&#8221;][\/vc_column][\/vc_row][vc_row][vc_column width=&#8221;1\/4&#8243;][\/vc_column][vc_column width=&#8221;1\/2&#8243; css=&#8221;.vc_custom_1586966066342{border-right-width: 1px !important;border-left-width: 1px !important;border-left-color: #000000 !important;border-left-style: solid !important;border-right-color: #000000 !important;border-right-style: solid !important;}&#8221;][vc_custom_heading text=&#8221;Webinar Sociedades BIC. Ministerio de Comercio, Industria y Turismo. Abril 21. &#8221; font_container=&#8221;tag:h6|font_size:17|text_align:center&#8221; google_fonts=&#8221;font_family:Roboto%20Condensed%3A300%2C300italic%2Cregular%2Citalic%2C700%2C700italic|font_style:400%20regular%3A400%3Anormal&#8221;][vc_btn title=&#8221;Inscr\u00edbete Aqu\u00ed&#8221; style=&#8221;outline-custom&#8221; outline_custom_color=&#8221;#abc12f&#8221; outline_custom_hover_background=&#8221;#000000&#8243; outline_custom_hover_text=&#8221;#ffffff&#8221; shape=&#8221;round&#8221; align=&#8221;center&#8221; link=&#8221;url:https%3A%2F%2Fforms.gle%2FhJfdc7r49fg13ayG7|||&#8221; css=&#8221;.vc_custom_1586966275796{margin-top: 50px !important;}&#8221;][\/vc_column][vc_column width=&#8221;1\/4&#8243;][\/vc_column][\/vc_row][vc_row][vc_column][vc_separator color=&#8221;green&#8221; css=&#8221;.vc_custom_1586966244864{margin-top: 40px !important;}&#8221;][\/vc_column][\/vc_row][vc_row css=&#8221;.vc_custom_1586965998880{margin-top: 50px !important;}&#8221;][vc_column width=&#8221;1\/2&#8243; css=&#8221;.vc_custom_1586898277581{border-right-width:<\/p>\n","protected":false},"author":1,"featured_media":0,"parent":0,"menu_order":0,"comment_status":"closed","ping_status":"closed","template":"","meta":{"_mc_calendar":[],"footnotes":""},"class_list":["post-2441","page","type-page","status-publish","hentry"],"_links":{"self":[{"href":"https:\/\/inspirandot.com\/index.php\/wp-json\/wp\/v2\/pages\/2441","targetHints":{"allow":["GET"]}}],"collection":[{"href":"https:\/\/inspirandot.com\/index.php\/wp-json\/wp\/v2\/pages"}],"about":[{"href":"https:\/\/inspirandot.com\/index.php\/wp-json\/wp\/v2\/types\/page"}],"author":[{"embeddable":true,"href":"https:\/\/inspirandot.com\/index.php\/wp-json\/wp\/v2\/users\/1"}],"replies":[{"embeddable":true,"href":"https:\/\/inspirandot.com\/index.php\/wp-json\/wp\/v2\/comments?post=2441"}],"version-history":[{"count":9,"href":"https:\/\/inspirandot.com\/index.php\/wp-json\/wp\/v2\/pages\/2441\/revisions"}],"predecessor-version":[{"id":2472,"href":"https:\/\/inspirandot.com\/index.php\/wp-json\/wp\/v2\/pages\/2441\/revisions\/2472"}],"wp:attachment":[{"href":"https:\/\/inspirandot.com\/index.php\/wp-json\/wp\/v2\/media?parent=2441"}],"curies":[{"name":"wp","href":"https:\/\/api.w.org\/{rel}","templated":true}]}}