{"id":1392,"date":"2020-01-17T19:51:11","date_gmt":"2020-01-17T19:51:11","guid":{"rendered":"https:\/\/inspirandot.com\/?page_id=1392"},"modified":"2020-04-15T16:12:06","modified_gmt":"2020-04-15T16:12:06","slug":"semana-de-negocios-conscientes","status":"publish","type":"page","link":"https:\/\/inspirandot.com\/index.php\/semana-de-negocios-conscientes\/","title":{"rendered":"Semana de Negocios Conscientes"},"content":{"rendered":"<p>[vc_row][vc_column][vc_single_image image=&#8221;2459&#8243; img_size=&#8221;full&#8221;][\/vc_column][\/vc_row][vc_row][vc_column width=&#8221;1\/6&#8243;][\/vc_column][vc_column width=&#8221;2\/3&#8243;][vc_column_text css_animation=&#8221;fadeIn&#8221;]<\/p>\n<p style=\"text-align: justify;\">La semana de negocios conscientes es un programa de una semana que se ir\u00e1 realizando en varias ciudades de Am\u00e9rica Latina. Tiene como objetivo principal acercar a las empresas a una ejecuci\u00f3n m\u00e1s humana y m\u00e1s cercana a su prop\u00f3sito en el marco del capitalismo consciente.<\/p>\n<p>[\/vc_column_text][vc_single_image image=&#8221;2413&#8243; img_size=&#8221;full&#8221; alignment=&#8221;center&#8221;][vc_row_inner][vc_column_inner][vc_column_text]<\/p>\n<p style=\"text-align: justify;\">Ser\u00e1n 4 d\u00edas en los que se desarrollar\u00e1n las capacidades necesarias para alinear prop\u00f3sito y empresa.<\/p>\n<p style=\"text-align: justify;\">Del 12 al 16 de marzo del 2020 en Colombia:<\/p>\n<p style=\"text-align: justify;\"><b>12 de marzo. Conferencia,\u00a0<\/b>un Master Class gratuito sobre la esencia de los negocios y emprendimientos conscientes, en qu\u00e9 se diferencian y por qu\u00e9 son m\u00e1s productivos y sostenibles que cualquier otro. Caso de\u00a0estudio con la academia.<\/p>\n<p style=\"text-align: justify;\"><b>13 y 14 de marzo. Certificaci\u00f3n<\/b>\u00a0internacional como\u00a0<b>Agente de Cambio de Negocios Conscientes, un programa\u00a0<\/b>dise\u00f1ado para descubrir, profundizar y disrumpir en el aprendizaje a trav\u00e9s de juegos y herramientas creadores de valor hacia su ecosistema de grupos de inter\u00e9s.<\/p>\n<p style=\"text-align: justify;\"><b>16 de marzo: Blueprint:\u00a0<\/b>En una sesi\u00f3n de medio d\u00eda, trabajaremos juntos en un taller en donde aprender\u00e1s cu\u00e1les son los pasos a seguir para transformar a tu organizaci\u00f3n en un negocio consciente.<\/p>\n<p>[\/vc_column_text][\/vc_column_inner][\/vc_row_inner][vc_row_inner][vc_column_inner][vc_single_image image=&#8221;2414&#8243; img_size=&#8221;full&#8221;][vc_column_text]<\/p>\n<p style=\"text-align: justify;\">El\u00a0<b>Programa de Certificaci\u00f3n en\u00a0Conscious\u00a0Business\u2122<\/b>\u00a0ha resuelto el c\u00f3digo para tomar los principios del Capitalismo Consciente\u00a9\u00a0de una filosof\u00eda que hace sentido a un sistema de acci\u00f3n y medici\u00f3n f\u00e1cil de implementar. Este\u00a0<b>Programa de Certificaci\u00f3n en\u00a0Conscious\u00a0Business\u2122\u00a0<\/b>utiliza un acercamiento \u00fanico y patentado de Descubrir, Profundizar y Disrumpir para elevar la experiencia de aprendizaje y proveer a los participantes con un juego de estrategias y herramientas que les ayudar\u00e1n a crear mayor valor a largo plazo para todo su ecosistema de grupos de inter\u00e9s, El Capitalismo es el mejor sistema socio-econ\u00f3mico de creaci\u00f3n de valor, y el momento nunca ha sido tan cr\u00edtico para elevar la pr\u00e1ctica del capitalismo y crear m\u00e1s prosperidad y abundancia para todos. \u00a1Acomp\u00e1\u00f1anos!<\/p>\n<p>[\/vc_column_text][vc_custom_heading text=&#8221;\u00bfQui\u00e9nes deber\u00edan participar?&#8221; font_container=&#8221;tag:h1|text_align:left&#8221; google_fonts=&#8221;font_family:Roboto%20Condensed%3A300%2C300italic%2Cregular%2Citalic%2C700%2C700italic|font_style:400%20regular%3A400%3Anormal&#8221;][vc_column_text]<\/p>\n<p style=\"text-align:justify;\">L\u00edderes, consultores (internos y externos), fundadores de startups, agentes de cambio, acad\u00e9micos, profesionales, entrenadores, directores generales y futuros, ejecutivos, consultores y acad\u00e9micos de grandes, medianas y peque\u00f1as empresas, emprendedores y otros, pero principalmente aquellos interesados en:<\/p>\n<ul>\n<li>Prepararse para los desaf\u00edos de la nueva econom\u00eda.<\/li>\n<li>Responder a nuevas m\u00e9tricas y demandas a largo plazo.<\/li>\n<\/ul>\n<p>Atraer talento y clientes para relaciones a largo plazo.[\/vc_column_text][\/vc_column_inner][\/vc_row_inner][vc_row_inner][vc_column_inner width=&#8221;1\/4&#8243;][vc_single_image image=&#8221;2279&#8243; img_size=&#8221;full&#8221;][\/vc_column_inner][vc_column_inner width=&#8221;3\/4&#8243;][vc_custom_heading text=&#8221;Qui\u00e9n es Thomas Eckschmidt:<br \/>\n&#8221; font_container=&#8221;tag:h3|text_align:left&#8221; google_fonts=&#8221;font_family:Roboto%20Condensed%3A300%2C300italic%2Cregular%2Citalic%2C700%2C700italic|font_style:700%20bold%20regular%3A700%3Anormal&#8221; css_animation=&#8221;fadeInLeft&#8221;][vc_column_text]<\/p>\n<p style=\"text-align: justify;\">Es el Fundador del Cap\u00edtulo Conscious Capitalism\u00a9 Brazil, propietario de la empresa Conscious Business Journey que se enfoca en explorar nuevas maneras de dar soporte, expandir y empoderar al capitalismo consciente alrededor del mundo.<\/p>\n<ul>\n<li>Coautor de Conscious Capitalism Field Guide<\/li>\n<li>Emprendedor en 20 pa\u00edses.<\/li>\n<li>Autor de 6 libros<\/li>\n<li>Propietario de 4 Patentes<\/li>\n<\/ul>\n<p>[\/vc_column_text][\/vc_column_inner][\/vc_row_inner][vc_separator color=&#8221;green&#8221;][vc_row_inner][vc_column_inner width=&#8221;1\/4&#8243;][vc_custom_heading text=&#8221;El contenido de este programa est\u00e1 basado en<br \/>\n&#8221; font_container=&#8221;tag:h3|text_align:right&#8221; google_fonts=&#8221;font_family:Roboto%20Condensed%3A300%2C300italic%2Cregular%2Citalic%2C700%2C700italic|font_style:700%20bold%20regular%3A700%3Anormal&#8221; css_animation=&#8221;fadeInLeft&#8221;][\/vc_column_inner][vc_column_inner width=&#8221;3\/4&#8243;][vc_column_text]<\/p>\n<ul>\n<li style=\"text-align: justify;\">Dos libros enfocados en el lado pr\u00e1ctico de la implementaci\u00f3n del Capitalismo Consciente. Conscious Capitalims Field Guide (HBR 2016) (HBR 2018)<\/li>\n<li style=\"text-align: justify;\">Docenas de casos de estudio de alrededor del mundo.<\/li>\n<li style=\"text-align: justify;\">Proyectos de consultor\u00eda y talleres de Desarrollo con organizaciones que se han comprometido con Hitos Consulting\u00ae y Conscious Business Journey\u2122 en los \u00faltimos seis a\u00f1os.<\/li>\n<\/ul>\n<p>[\/vc_column_text][\/vc_column_inner][\/vc_row_inner][vc_separator color=&#8221;green&#8221;][vc_row_inner][vc_column_inner width=&#8221;1\/4&#8243;][vc_custom_heading text=&#8221;Beneficios<br \/>\n&#8221; font_container=&#8221;tag:h3|text_align:right&#8221; google_fonts=&#8221;font_family:Roboto%20Condensed%3A300%2C300italic%2Cregular%2Citalic%2C700%2C700italic|font_style:700%20bold%20regular%3A700%3Anormal&#8221; css_animation=&#8221;fadeInLeft&#8221;][\/vc_column_inner][vc_column_inner width=&#8221;3\/4&#8243;][vc_column_text]<\/p>\n<ul>\n<li>Claro entendimiento del modelo del Capitalismo Consciente\u00a0frente a otros acercamientos.<\/li>\n<li>Una perspectiva global de los nuevos retos econ\u00f3micos y soluciones conscientes.<\/li>\n<li>Nuevas ideas estrat\u00e9gicas para dirigir un negocio u organizaci\u00f3n consciente.<\/li>\n<li>Herramientas pr\u00e1cticas para mapear el camino consciente de cualquier negocio.<\/li>\n<li>La habilidad de construir un plan de acci\u00f3n para implementar el capitalismo consciente.<\/li>\n<li>Certificado con reconocimiento internacional por parte del Consciouss Business Journey y de Hitos Consulting.<\/li>\n<li>Links de libros enviados a los asistentes de talleres CBW<\/li>\n<\/ul>\n<p>[\/vc_column_text][\/vc_column_inner][\/vc_row_inner][\/vc_column][vc_column width=&#8221;1\/6&#8243;][\/vc_column][\/vc_row][vc_row][vc_column][vc_single_image image=&#8221;2460&#8243; img_size=&#8221;full&#8221;][\/vc_column][\/vc_row][vc_row equal_height=&#8221;yes&#8221; content_placement=&#8221;middle&#8221; container=&#8221;1&#8243; css=&#8221;.vc_custom_1582303411759{margin-top: 70px !important;margin-left: 13% !important;}&#8221;][vc_column width=&#8221;1\/6&#8243; css=&#8221;.vc_custom_1582303443468{border-right-width: 1px !important;border-right-color: #000000 !important;border-right-style: solid !important;}&#8221;][vc_custom_heading text=&#8221;Webinar Caso Negocio Consciente &#8211; Organizaci\u00f3n Incluyente. Equi\u00f3n Energ\u00eda. Marzo 4&#8243; font_container=&#8221;tag:h6|font_size:17|text_align:center&#8221; google_fonts=&#8221;font_family:Roboto%20Condensed%3A300%2C300italic%2Cregular%2Citalic%2C700%2C700italic|font_style:400%20regular%3A400%3Anormal&#8221;][vc_btn title=&#8221;Inscr\u00edbete Aqu\u00ed&#8221; style=&#8221;outline-custom&#8221; outline_custom_color=&#8221;#abc12f&#8221; outline_custom_hover_background=&#8221;#000000&#8243; outline_custom_hover_text=&#8221;#ffffff&#8221; shape=&#8221;round&#8221; align=&#8221;center&#8221; link=&#8221;url:https%3A%2F%2Fforms.gle%2FgUPHfpa8oGCg3iuT9|||&#8221; css=&#8221;.vc_custom_1582303693526{margin-top: 50px !important;}&#8221;][\/vc_column][vc_column width=&#8221;1\/6&#8243; css=&#8221;.vc_custom_1582303460180{margin-left: 20% !important;border-right-width: 1px !important;border-right-color: #000000 !important;border-right-style: solid !important;}&#8221;][vc_custom_heading text=&#8221;Webinar Caso Negocio Consciente &#8211; Organizaci\u00f3n Inclyente. Discovery. Marzo 9&#8243; font_container=&#8221;tag:h6|font_size:17|text_align:center&#8221; google_fonts=&#8221;font_family:Roboto%20Condensed%3A300%2C300italic%2Cregular%2Citalic%2C700%2C700italic|font_style:400%20regular%3A400%3Anormal&#8221; css=&#8221;.vc_custom_1582302947717{margin-left: 2% !important;}&#8221;][vc_btn title=&#8221;Inscr\u00edbete Aqu\u00ed&#8221; style=&#8221;outline-custom&#8221; outline_custom_color=&#8221;#abc12f&#8221; outline_custom_hover_background=&#8221;#000000&#8243; outline_custom_hover_text=&#8221;#ffffff&#8221; shape=&#8221;round&#8221; align=&#8221;center&#8221; link=&#8221;url:https%3A%2F%2Fforms.gle%2FuxetEu2GoPVnmBa66|||&#8221; css=&#8221;.vc_custom_1582303715640{margin-top: 50px !important;}&#8221;][\/vc_column][vc_column width=&#8221;1\/6&#8243; css=&#8221;.vc_custom_1582303475888{margin-left: 20% !important;border-right-width: 1px !important;border-right-color: #000000 !important;border-right-style: solid !important;}&#8221;][vc_custom_heading text=&#8221;M\u00e1ster Class Fundamentos de Capitalismo Consciente &#8211; Emprendimientos Conscientes&#8221; font_container=&#8221;tag:h6|font_size:17|text_align:center&#8221; google_fonts=&#8221;font_family:Roboto%20Condensed%3A300%2C300italic%2Cregular%2Citalic%2C700%2C700italic|font_style:400%20regular%3A400%3Anormal&#8221;][vc_btn title=&#8221;Inscr\u00edbete Aqu\u00ed&#8221; style=&#8221;outline-custom&#8221; outline_custom_color=&#8221;#abc12f&#8221; outline_custom_hover_background=&#8221;#000000&#8243; outline_custom_hover_text=&#8221;#ffffff&#8221; shape=&#8221;round&#8221; align=&#8221;center&#8221; link=&#8221;url:%20https%3A%2F%2Fforms.gle%2FDrtacGd8fvrFoCDj8%20|||&#8221; css=&#8221;.vc_custom_1582303741905{margin-top: 50px !important;}&#8221;][\/vc_column][vc_column width=&#8221;1\/6&#8243; css=&#8221;.vc_custom_1582303493013{margin-left: 20% !important;border-right-width: 1px !important;border-right-color: #000000 !important;border-right-style: solid !important;}&#8221;][vc_custom_heading text=&#8221;Certificaci\u00f3n Conscious Business Change Agent&#8221; font_container=&#8221;tag:h6|font_size:17|text_align:center&#8221; google_fonts=&#8221;font_family:Roboto%20Condensed%3A300%2C300italic%2Cregular%2Citalic%2C700%2C700italic|font_style:400%20regular%3A400%3Anormal&#8221; css=&#8221;.vc_custom_1582303578202{border-right-width: 1px !important;border-right-color: #ffffff !important;border-right-style: solid !important;}&#8221;][vc_btn title=&#8221;Inscr\u00edbete Aqu\u00ed&#8221; style=&#8221;outline-custom&#8221; outline_custom_color=&#8221;#abc12f&#8221; outline_custom_hover_background=&#8221;#000000&#8243; outline_custom_hover_text=&#8221;#ffffff&#8221; shape=&#8221;round&#8221; align=&#8221;center&#8221; link=&#8221;url:https%3A%2F%2Fes.surveymonkey.com%2Fr%2FLTGTHBQ|||&#8221; css=&#8221;.vc_custom_1582303762456{margin-top: 80px !important;}&#8221;][\/vc_column][vc_column width=&#8221;1\/6&#8243; css=&#8221;.vc_custom_1582303517892{margin-left: 20% !important;border-right-width: 1px !important;border-right-color: #ffffff !important;border-right-style: solid !important;}&#8221;][vc_custom_heading text=&#8221;Blue Print&#8221; font_container=&#8221;tag:h6|font_size:17|text_align:center&#8221; google_fonts=&#8221;font_family:Roboto%20Condensed%3A300%2C300italic%2Cregular%2Citalic%2C700%2C700italic|font_style:400%20regular%3A400%3Anormal&#8221; css=&#8221;.vc_custom_1582302896663{border-right-width: 1px !important;border-right-color: #ffffff !important;border-right-style: solid !important;}&#8221;][vc_btn title=&#8221;Inscr\u00edbete Aqu\u00ed&#8221; style=&#8221;outline-custom&#8221; outline_custom_color=&#8221;#abc12f&#8221; outline_custom_hover_background=&#8221;#000000&#8243; outline_custom_hover_text=&#8221;#ffffff&#8221; shape=&#8221;round&#8221; align=&#8221;center&#8221; link=&#8221;url:https%3A%2F%2Fforms.gle%2FdiE3CZGn6JdMkQ6Y9|||&#8221; css=&#8221;.vc_custom_1582303778727{margin-top: 130px !important;}&#8221;][\/vc_column][\/vc_row]<\/p>\n","protected":false},"excerpt":{"rendered":"<p>[vc_row][vc_column][vc_single_image image=&#8221;2459&#8243; img_size=&#8221;full&#8221;][\/vc_column][\/vc_row][vc_row][vc_column width=&#8221;1\/6&#8243;][\/vc_column][vc_column width=&#8221;2\/3&#8243;][vc_column_text css_animation=&#8221;fadeIn&#8221;] La semana de negocios conscientes es un programa de una semana que se ir\u00e1 realizando en varias ciudades de Am\u00e9rica Latina. Tiene como objetivo principal acercar a las empresas a una ejecuci\u00f3n m\u00e1s humana y m\u00e1s cercana a su prop\u00f3sito en el marco del capitalismo consciente. [\/vc_column_text][vc_single_image image=&#8221;2413&#8243; img_size=&#8221;full&#8221;<\/p>\n","protected":false},"author":1,"featured_media":0,"parent":0,"menu_order":0,"comment_status":"closed","ping_status":"closed","template":"","meta":{"_mc_calendar":[],"footnotes":""},"class_list":["post-1392","page","type-page","status-publish","hentry"],"_links":{"self":[{"href":"https:\/\/inspirandot.com\/index.php\/wp-json\/wp\/v2\/pages\/1392","targetHints":{"allow":["GET"]}}],"collection":[{"href":"https:\/\/inspirandot.com\/index.php\/wp-json\/wp\/v2\/pages"}],"about":[{"href":"https:\/\/inspirandot.com\/index.php\/wp-json\/wp\/v2\/types\/page"}],"author":[{"embeddable":true,"href":"https:\/\/inspirandot.com\/index.php\/wp-json\/wp\/v2\/users\/1"}],"replies":[{"embeddable":true,"href":"https:\/\/inspirandot.com\/index.php\/wp-json\/wp\/v2\/comments?post=1392"}],"version-history":[{"count":17,"href":"https:\/\/inspirandot.com\/index.php\/wp-json\/wp\/v2\/pages\/1392\/revisions"}],"predecessor-version":[{"id":2461,"href":"https:\/\/inspirandot.com\/index.php\/wp-json\/wp\/v2\/pages\/1392\/revisions\/2461"}],"wp:attachment":[{"href":"https:\/\/inspirandot.com\/index.php\/wp-json\/wp\/v2\/media?parent=1392"}],"curies":[{"name":"wp","href":"https:\/\/api.w.org\/{rel}","templated":true}]}}