{"id":1203,"date":"2020-01-15T14:30:26","date_gmt":"2020-01-15T14:30:26","guid":{"rendered":"https:\/\/inspirandot.com\/?page_id=1203"},"modified":"2025-02-13T15:38:32","modified_gmt":"2025-02-13T15:38:32","slug":"negocios-organizaciones-conscientes","status":"publish","type":"page","link":"https:\/\/inspirandot.com\/index.php\/negocios-organizaciones-conscientes\/","title":{"rendered":"Negocios \/ Organizaciones Conscientes"},"content":{"rendered":"<p>[vc_row][vc_column width=&#8221;1\/2&#8243;][vc_single_image image=&#8221;3689&#8243; img_size=&#8221;full&#8221;][\/vc_column][vc_column width=&#8221;1\/2&#8243;][vc_custom_heading text=&#8221;\u00bfQu\u00e9 es un Negocio \/ Organizaci\u00f3n Consciente?&#8221; font_container=&#8221;tag:h1|text_align:left&#8221; google_fonts=&#8221;font_family:Roboto%20Condensed%3A300%2C300italic%2Cregular%2Citalic%2C700%2C700italic|font_style:700%20bold%20regular%3A700%3Anormal&#8221;][vc_column_text css=&#8221;.vc_custom_1711553683675{margin-top: 80px !important;}&#8221;]<\/p>\n<h3>Es aquel que practica el <strong>Capitalismo Consciente<\/strong>, un movimiento global, una filosof\u00eda empresarial, que contribuye a generar prosperidad de una manera humana, basada en cuatro principios: prop\u00f3sito superior, integraci\u00f3n de stakeholders, liderazgo consciente y cultura consciente.<\/h3>\n<p>[\/vc_column_text][\/vc_column][\/vc_row][vc_row][vc_column][vc_empty_space height=&#8221;140px&#8221;][vc_custom_heading text=&#8221;NUESTROS SERVICIOS&#8221; font_container=&#8221;tag:h1|text_align:left&#8221; google_fonts=&#8221;font_family:Roboto%20Condensed%3A300%2C300italic%2Cregular%2Citalic%2C700%2C700italic|font_style:700%20bold%20regular%3A700%3Anormal&#8221; css_animation=&#8221;fadeIn&#8221;][vc_single_image image=&#8221;3320&#8243; img_size=&#8221;full&#8221; alignment=&#8221;center&#8221;][vc_single_image image=&#8221;3683&#8243; img_size=&#8221;full&#8221; alignment=&#8221;center&#8221; onclick=&#8221;img_link_large&#8221; css_animation=&#8221;fadeIn&#8221;][\/vc_column][\/vc_row][vc_row css=&#8221;.vc_custom_1579791905080{margin-top: 80px !important;}&#8221;][vc_column][vc_separator color=&#8221;green&#8221;][\/vc_column][\/vc_row][vc_row][vc_column][\/vc_column][\/vc_row][vc_row][vc_column width=&#8221;1\/2&#8243;][vc_video link=&#8221;https:\/\/www.youtube.com\/watch?v=_ibvR4lo_z8&#8243; align=&#8221;center&#8221;][\/vc_column][vc_column width=&#8221;1\/2&#8243;][vc_video link=&#8221;https:\/\/www.youtube.com\/watch?v=SSaV_yYLMrM&#8221; align=&#8221;center&#8221;][\/vc_column][\/vc_row]<\/p>\n","protected":false},"excerpt":{"rendered":"<p>[vc_row][vc_column width=&#8221;1\/2&#8243;][vc_single_image image=&#8221;3689&#8243; img_size=&#8221;full&#8221;][\/vc_column][vc_column width=&#8221;1\/2&#8243;][vc_custom_heading text=&#8221;\u00bfQu\u00e9 es un Negocio \/ Organizaci\u00f3n Consciente?&#8221; font_container=&#8221;tag:h1|text_align:left&#8221; google_fonts=&#8221;font_family:Roboto%20Condensed%3A300%2C300italic%2Cregular%2Citalic%2C700%2C700italic|font_style:700%20bold%20regular%3A700%3Anormal&#8221;][vc_column_text css=&#8221;.vc_custom_1711553683675{margin-top: 80px !important;}&#8221;] Es aquel que practica el Capitalismo Consciente, un movimiento global, una filosof\u00eda empresarial, que contribuye a generar prosperidad de una manera humana, basada en cuatro principios: prop\u00f3sito superior, integraci\u00f3n de stakeholders, liderazgo consciente y cultura consciente. [\/vc_column_text][\/vc_column][\/vc_row][vc_row][vc_column][vc_empty_space height=&#8221;140px&#8221;][vc_custom_heading<\/p>\n","protected":false},"author":1,"featured_media":0,"parent":0,"menu_order":0,"comment_status":"closed","ping_status":"closed","template":"","meta":{"_mc_calendar":[],"footnotes":""},"class_list":["post-1203","page","type-page","status-publish","hentry"],"_links":{"self":[{"href":"https:\/\/inspirandot.com\/index.php\/wp-json\/wp\/v2\/pages\/1203","targetHints":{"allow":["GET"]}}],"collection":[{"href":"https:\/\/inspirandot.com\/index.php\/wp-json\/wp\/v2\/pages"}],"about":[{"href":"https:\/\/inspirandot.com\/index.php\/wp-json\/wp\/v2\/types\/page"}],"author":[{"embeddable":true,"href":"https:\/\/inspirandot.com\/index.php\/wp-json\/wp\/v2\/users\/1"}],"replies":[{"embeddable":true,"href":"https:\/\/inspirandot.com\/index.php\/wp-json\/wp\/v2\/comments?post=1203"}],"version-history":[{"count":52,"href":"https:\/\/inspirandot.com\/index.php\/wp-json\/wp\/v2\/pages\/1203\/revisions"}],"predecessor-version":[{"id":3690,"href":"https:\/\/inspirandot.com\/index.php\/wp-json\/wp\/v2\/pages\/1203\/revisions\/3690"}],"wp:attachment":[{"href":"https:\/\/inspirandot.com\/index.php\/wp-json\/wp\/v2\/media?parent=1203"}],"curies":[{"name":"wp","href":"https:\/\/api.w.org\/{rel}","templated":true}]}}