{"id":1201,"date":"2020-01-15T14:30:00","date_gmt":"2020-01-15T14:30:00","guid":{"rendered":"https:\/\/inspirandot.com\/?page_id=1201"},"modified":"2020-01-23T16:45:23","modified_gmt":"2020-01-23T16:45:23","slug":"que-hacemos","status":"publish","type":"page","link":"https:\/\/inspirandot.com\/index.php\/que-hacemos\/","title":{"rendered":"\u00bfQu\u00e9 Hacemos?"},"content":{"rendered":"<p>[vc_row][vc_column width=&#8221;1\/3&#8243;][vc_custom_heading text=&#8221;\u00bfQu\u00e9 Hacemos?&#8221; font_container=&#8221;tag:h1|text_align:left&#8221; google_fonts=&#8221;font_family:Roboto%20Condensed%3A300%2C300italic%2Cregular%2Citalic%2C700%2C700italic|font_style:700%20bold%20regular%3A700%3Anormal&#8221; css_animation=&#8221;fadeIn&#8221; css=&#8221;.vc_custom_1579725386454{margin-bottom: 60px !important;}&#8221;][vc_column_text css=&#8221;.vc_custom_1579797919253{margin-top: 60px !important;}&#8221;]<\/p>\n<p style=\"text-align: left;\">Tenemos el prop\u00f3sito de <b>transformar la estrategia y la cultura<\/b> de <b>O<\/b>rganizaciones y Negocios con Prop\u00f3sito maximizando el Talento Diverso, impactando los resultados, engagement, fidelizaci\u00f3n y efectividad de cada empresa a trav\u00e9s de conferencias\/conversatorios, consultor\u00eda\/acompa\u00f1amiento y capacitaci\u00f3n\/experiencias dise\u00f1adas de manera exclusiva bajo la metodolog\u00eda de consciencia plena para impactar creencias y comportamientos.<\/p>\n<p>[\/vc_column_text][\/vc_column][vc_column width=&#8221;1\/3&#8243;][vc_single_image image=&#8221;1406&#8243; img_size=&#8221;full&#8221;][\/vc_column][vc_column width=&#8221;1\/3&#8243;][vc_row_inner][vc_column_inner width=&#8221;1\/4&#8243;][vc_single_image image=&#8221;1705&#8243; img_size=&#8221;medium&#8221;][\/vc_column_inner][vc_column_inner width=&#8221;3\/4&#8243;][vc_btn title=&#8221;Negocios Conscientes&#8221; style=&#8221;3d&#8221; shape=&#8221;round&#8221; color=&#8221;green&#8221; align=&#8221;left&#8221; css_animation=&#8221;fadeIn&#8221; link=&#8221;url:http%3A%2F%2Finspirandot.com%2Findex.php%2Fnegocios-conscientes%2F|title:Negocios%20Conscientes||&#8221;][\/vc_column_inner][\/vc_row_inner][vc_row_inner][vc_column_inner width=&#8221;1\/4&#8243;][vc_single_image image=&#8221;1704&#8243;][\/vc_column_inner][vc_column_inner width=&#8221;3\/4&#8243;][vc_btn title=&#8221;Inclusi\u00f3n a la Diversidad&#8221; style=&#8221;3d&#8221; shape=&#8221;round&#8221; color=&#8221;green&#8221; align=&#8221;left&#8221; css_animation=&#8221;fadeIn&#8221; link=&#8221;url:http%3A%2F%2Finspirandot.com%2Findex.php%2Fque-hacemos%2Finclusion-de-la-diversidad%2F|title:Negocios%20Conscientes||&#8221;][\/vc_column_inner][\/vc_row_inner][vc_row_inner][vc_column_inner width=&#8221;1\/4&#8243;][vc_single_image image=&#8221;1703&#8243; img_size=&#8221;medium&#8221;][\/vc_column_inner][vc_column_inner width=&#8221;3\/4&#8243;][vc_btn title=&#8221;Bienestar Organizacional&#8221; style=&#8221;3d&#8221; shape=&#8221;round&#8221; color=&#8221;green&#8221; align=&#8221;left&#8221; css_animation=&#8221;fadeIn&#8221; link=&#8221;url:http%3A%2F%2Finspirandot.com%2Findex.php%2Fbienestar-organizacional%2F|title:Negocios%20Conscientes||&#8221;][\/vc_column_inner][\/vc_row_inner][\/vc_column][\/vc_row][vc_row][vc_column][vc_single_image image=&#8221;2002&#8243; img_size=&#8221;full&#8221; alignment=&#8221;center&#8221; css_animation=&#8221;fadeIn&#8221;][\/vc_column][\/vc_row]<\/p>\n","protected":false},"excerpt":{"rendered":"<p>[vc_row][vc_column width=&#8221;1\/3&#8243;][vc_custom_heading text=&#8221;\u00bfQu\u00e9 Hacemos?&#8221; font_container=&#8221;tag:h1|text_align:left&#8221; google_fonts=&#8221;font_family:Roboto%20Condensed%3A300%2C300italic%2Cregular%2Citalic%2C700%2C700italic|font_style:700%20bold%20regular%3A700%3Anormal&#8221; css_animation=&#8221;fadeIn&#8221; css=&#8221;.vc_custom_1579725386454{margin-bottom: 60px !important;}&#8221;][vc_column_text css=&#8221;.vc_custom_1579797919253{margin-top: 60px !important;}&#8221;] Tenemos el prop\u00f3sito de transformar la estrategia y la cultura de Organizaciones y Negocios con Prop\u00f3sito maximizando el Talento Diverso, impactando los resultados, engagement, fidelizaci\u00f3n y efectividad de cada empresa a trav\u00e9s de conferencias\/conversatorios, consultor\u00eda\/acompa\u00f1amiento y capacitaci\u00f3n\/experiencias dise\u00f1adas de manera exclusiva bajo<\/p>\n","protected":false},"author":1,"featured_media":0,"parent":0,"menu_order":0,"comment_status":"closed","ping_status":"closed","template":"","meta":{"_mc_calendar":[],"footnotes":""},"class_list":["post-1201","page","type-page","status-publish","hentry"],"_links":{"self":[{"href":"https:\/\/inspirandot.com\/index.php\/wp-json\/wp\/v2\/pages\/1201","targetHints":{"allow":["GET"]}}],"collection":[{"href":"https:\/\/inspirandot.com\/index.php\/wp-json\/wp\/v2\/pages"}],"about":[{"href":"https:\/\/inspirandot.com\/index.php\/wp-json\/wp\/v2\/types\/page"}],"author":[{"embeddable":true,"href":"https:\/\/inspirandot.com\/index.php\/wp-json\/wp\/v2\/users\/1"}],"replies":[{"embeddable":true,"href":"https:\/\/inspirandot.com\/index.php\/wp-json\/wp\/v2\/comments?post=1201"}],"version-history":[{"count":20,"href":"https:\/\/inspirandot.com\/index.php\/wp-json\/wp\/v2\/pages\/1201\/revisions"}],"predecessor-version":[{"id":2084,"href":"https:\/\/inspirandot.com\/index.php\/wp-json\/wp\/v2\/pages\/1201\/revisions\/2084"}],"wp:attachment":[{"href":"https:\/\/inspirandot.com\/index.php\/wp-json\/wp\/v2\/media?parent=1201"}],"curies":[{"name":"wp","href":"https:\/\/api.w.org\/{rel}","templated":true}]}}