{"id":1199,"date":"2020-01-15T14:29:20","date_gmt":"2020-01-15T14:29:20","guid":{"rendered":"https:\/\/inspirandot.com\/?page_id=1199"},"modified":"2025-05-30T14:24:35","modified_gmt":"2025-05-30T14:24:35","slug":"quienes-somos","status":"publish","type":"page","link":"https:\/\/inspirandot.com\/index.php\/quienes-somos\/","title":{"rendered":"\u00bfQui\u00e9nes Somos?"},"content":{"rendered":"<p>[vc_row][vc_column][vc_column_text]<style>\r\n\r\n#wpsm_counter_b_row_3513 .wpsm_counterbox\r\n{\r\n\ttext-align:center;\r\n\tmargin-top:50px;\r\n\tmargin-bottom:50px;\r\n}\r\n#wpsm_counter_b_row_3513 .wpsm_counterbox .wpsm_count-icon{\r\n\tdisplay:block;\r\n\tmargin-top:20px;\r\n\tpadding-top:0px;\r\n\tpadding-bottom:0px;\r\n\tmargin-bottom:0px;\r\n\tmargin:0 auto;\r\n}\r\n#wpsm_counter_b_row_3513 .wpsm_counterbox .wpsm_count-icon i{\r\n\tfont-size:50px;\r\n\tcolor:#27aa00;\r\n}\r\n#wpsm_counter_b_row_3513 .wpsm_counterbox .wpsm_number{\r\n\tfont-size:35px;\r\n\tfont-weight:200;\r\n\tcolor:#000000;\r\n\tfont-family:'Arial';\r\n\tletter-spacing:2px;\r\n\tmargin-top:20px;\r\n\tline-height: 1.3em;\r\n\tpadding-top:0px;\r\n\tpadding-bottom:0px;\r\n\tmargin-bottom:0px;\r\n}\r\n#wpsm_counter_b_row_3513 .wpsm_counterbox .wpsm_count-title{\r\n    font-size:20px;\r\n\tfont-weight:bolder;\r\n\tfont-family:'Arial';\r\n\tletter-spacing:2px;\r\n    color: #000000;\r\n\tfont-weight:200;\r\n\tmargin-top:20px;\r\n\tpadding-top:0px;\r\n\tpadding-bottom:0px;\r\n\tmargin-bottom:0px;\r\n\tline-height: 1.3em;\r\n}\r\n\r\n<\/style> \r\n\t\t \r\n\t\t\r\n\t\t<style>\r\n\t\t#wpsm_counter_b_row_3513\t\t\t{\r\n\t\t\t\t\r\n\t\t\t\tposition:relative;\r\n\t\t\t\twidth:100%;\r\n\t\t\t\toverflow:hidden;\r\n\t\t\t\ttext-align:center;\r\n\t\t\t}\r\n\t\t\t \r\n\t\t\t#wpsm_counter_b_row_3513 .wpsm_row{\r\n\t\t\toverflow:hidden;\r\n\t\t\tdisplay:block;\r\n\t\t\twidth:100%;\r\n\t\t\t} \r\n\t\t\t \r\n\t\t\t#wpsm_counter_b_row_3513 .wpsm_row{\r\n\t\t\toverflow:visible;\r\n\t\t\t} \r\n\t\t\t \r\n\t\t\t#wpsm_counter_b_row_3513 .wpsm_counterbox .wpsm_count-title{\r\n\t\t\tmin-height:56px;\r\n\t\t\t}}\r\n\t\t\t \r\n\t\t<\/style>\r\n\t\t\r\n\t\t<div class=\"wpsm_counter_b_row\" id=\"wpsm_counter_b_row_3513\">\r\n\t\t\t<div>\r\n\t\t\t\t<div class=\"wpsm_row\">\r\n\t\t\r\n\t\t\t\t\t\t<div class=\"wpsm_col-md-4 wpsm_col-sm-6\">\r\n\t\t\t\t\t<div class=\"wpsm_counterbox\">\r\n\t\t\t\t\t\t \r\n\t\t\t\t\t\t<div class=\"wpsm_count-icon\"><i #27aa00 class=\"fa fa-desktop\"><\/i><\/div>\r\n\t\t\t\t\t\t\t\t\t\t\t\t<div class=\"wpsm_number\" style=\"#000000\" >\r\n\t\t\t\t\t\t   <span class=\"counter\">120\t\t\t\t\t\t   <\/span>\r\n\t\t\t\t\t\t    \r\n\t\t\t\t\t    <\/div>\r\n\t\t\t\t\t\t<h3 class=\"wpsm_count-title\" #000000> Organizaciones<\/h3>\r\n\t\t\t\t\t\t \r\n\t\t\t\t\t<\/div>\r\n\t\t\t\t<\/div>\r\n\t\t\t\t\t\t\t\t\t<div class=\"wpsm_col-md-4 wpsm_col-sm-6\">\r\n\t\t\t\t\t<div class=\"wpsm_counterbox\">\r\n\t\t\t\t\t\t \r\n\t\t\t\t\t\t<div class=\"wpsm_count-icon\"><i #27aa00 class=\"fa fa-group\"><\/i><\/div>\r\n\t\t\t\t\t\t\t\t\t\t\t\t<div class=\"wpsm_number\" style=\"#000000\" >\r\n\t\t\t\t\t\t   <span class=\"counter\">12700\t\t\t\t\t\t   <\/span>\r\n\t\t\t\t\t\t    \r\n\t\t\t\t\t    <\/div>\r\n\t\t\t\t\t\t<h3 class=\"wpsm_count-title\" #000000> Vidas impactadas<\/h3>\r\n\t\t\t\t\t\t \r\n\t\t\t\t\t<\/div>\r\n\t\t\t\t<\/div>\r\n\t\t\t\t\t\t\t\t\t<div class=\"wpsm_col-md-4 wpsm_col-sm-6\">\r\n\t\t\t\t\t<div class=\"wpsm_counterbox\">\r\n\t\t\t\t\t\t \r\n\t\t\t\t\t\t<div class=\"wpsm_count-icon\"><i #27aa00 class=\"fa fa-street-view\"><\/i><\/div>\r\n\t\t\t\t\t\t\t\t\t\t\t\t<div class=\"wpsm_number\" style=\"#000000\" >\r\n\t\t\t\t\t\t   <span class=\"counter\">10\t\t\t\t\t\t   <\/span>\r\n\t\t\t\t\t\t    \r\n\t\t\t\t\t    <\/div>\r\n\t\t\t\t\t\t<h3 class=\"wpsm_count-title\" #000000> Pa\u00edses<\/h3>\r\n\t\t\t\t\t\t \r\n\t\t\t\t\t<\/div>\r\n\t\t\t\t<\/div>\r\n\t\t\t\t\t\t<\/div>\r\n\t\t\t<div class=\"wpsm_row\">\r\n\t\t\t\t\t\t\r\n\t\t\t<\/div>\t\t\t\t<\/div>\r\n\t\t<\/div>\r\n\t\t\r\n\t[\/vc_column_text][vc_empty_space]\n<!--Repair Section-->\n<section class=\"phone-repair-section\">\n\t<div class=\"auto-container\">\n\t\t<div class=\"row clearfix\">\n\t\t\n\t\t\t<!--Image Box-->\n\t\t\t<div class=\"image-column col-md-5 col-sm-12 col-xs-12\" style=\"background-image:url(https:\/\/inspirandot.com\/wp-content\/uploads\/2020\/01\/IMG_4888.png);\">\n\t\t\t\t<div class=\"text\"><\/div>\n\t\t\t\t<figure class=\"image-box wow fadeInRight\" data-wow-delay=\"0ms\" data-wow-duration=\"1500ms\">\n\t\t\t\t\t<img decoding=\"async\" src=\"https:\/\/inspirandot.com\/wp-content\/uploads\/2016\/11\/IMG_4887-scaled-e1579200461677.jpg\" alt=\"\" \/>\n\t\t\t\t<\/figure>\n\t\t\t<\/div>\n\t\t\t\n\t\t\t<!--Content Column-->\n\t\t\t<div class=\"content-column col-md-7 col-sm-12 col-xs-12\">\n\t\t\t\t<div class=\"inner-box\">\n\t\t\t\t\t<div class=\"sec-title-two\">\n\t\t\t\t\t\t<h2>\u00bfQui\u00e9nes Somos?<\/h2>\n\t\t\t\t\t\t<div class=\"text\"><\/p>\n<h4>InspirandoT SAS BIC, empresa B certificada desde 2020, es una empresa con 10 a\u00f1os comprometida con el cu\u00e1druple impacto (humano \u2013 social \u2013 ambiental \u2013 econ\u00f3mico) para Colombia y el mundo.<\/h4>\n<h4>Somos conectores entre gobierno, la empresa privada, ONGs y la academia, para tejer pa\u00eds con coherencia colaborativa y cultivar ecosistemas basados en la confianza y la \u00e9tica del cuidado.<\/h4>\n<h4>Nuestro <strong>Modelo de Negocio<\/strong> se basa en construir redes para el di\u00e1logo, la cooperaci\u00f3n, la co-creaci\u00f3n y las alianzas por el desarrollo sostenible (ODS 17). Estas alianzas nos permiten ampliar la capacidad de servicio y alcance para nuestros clientes.<\/h4>\n<p> <\/div>\n\t\t\t\t\t\t<a href=\"\" class=\"read-more theme-btn btn-style-one\">Read More<\/a>\n\t\t\t\t\t<\/div>\n\t\t\t\t<\/div>\n\t\t\t<\/div>\n\t\t\t\n\t\t<\/div>\n\t<\/div>\n<\/section>\n\n[vc_column_text]<\/p>\n<h3>Somos <strong>creadores del \u201cForo de Organizaciones Conscientes <\/strong><strong>Colombia \u2013 Historias que Inspiran e Impactan\u201d, desde el 2018.<\/strong><\/h3>\n<h3><\/h3>\n<h3>Nuestras 3 unidades de negocio generan sinergias y se apalancan para ofrecer soluciones a la medida a nuestros grupos de inter\u00e9s:<\/h3>\n<h3><\/h3>\n<h3><strong>Negocios\/Organizaciones Conscientes, Soluciones <\/strong><strong>Sostenibles, Diversidad Equidad Inclusi\u00f3n Pertenencia.<\/strong><\/h3>\n<h3><\/h3>\n<h3>Adicionalmente, somos parte del grupo empresarial familiar Hedap Global Group, establecido en Florida y con operaciones desde hace 23 a\u00f1os. Este apalancamiento nos permite apoyar al sector rural colombiano, promocionando la <strong>exportaci\u00f3n de productos <\/strong><strong>agroindustriales.<\/strong><\/h3>\n<h3><\/h3>\n<h3><strong>Somos movilizadores\u2026<\/strong><\/h3>\n<p>[\/vc_column_text][vc_text_separator title=&#8221;<\/p>\n<h1>Nuestro Prop\u00f3sito Superior<\/h1>\n<p>&#8220;][vc_column_text]<\/p>\n<h3 style=\"text-align: center;\"><span style=\"color: #008000;\"><b>\u201cInspirar <\/b>consciencia por el cuidado y el <b>impacto<\/b>, cultivando un mundo <b>m\u00e1s humano y sostenible.\u201d<\/b><\/span><\/h3>\n<p>[\/vc_column_text][vc_separator][\/vc_column][vc_column][\/vc_column][vc_column][\/vc_column][\/vc_row][vc_row css=&#8221;.vc_custom_1580491629551{margin-top: 40px !important;}&#8221;][vc_column width=&#8221;2\/3&#8243;][vc_custom_heading text=&#8221;CRISTINA DE ARMAS PEDRAZA&#8221; font_container=&#8221;tag:h2|text_align:left|color:%23000000&#8243; google_fonts=&#8221;font_family:Roboto%20Condensed%3A300%2C300italic%2Cregular%2Citalic%2C700%2C700italic|font_style:400%20regular%3A400%3Anormal&#8221; css=&#8221;.vc_custom_1580492992351{margin-top: 40px !important;margin-bottom: 60px !important;border-bottom-width: 150px !important;}&#8221;][vc_column_text css_animation=&#8221;fadeIn&#8221; css=&#8221;.vc_custom_1714421811844{margin-top: 40px !important;}&#8221;]<strong>Profesional en Comercio Internacional<\/strong><br \/>\n<strong>Master Organizaciones\/Empresas Sostenibles<\/strong><br \/>\n<strong>Movilizadora<\/strong><\/p>\n<ul>\n<li>Consultora negocios\/organizaciones conscientes<\/li>\n<li>Coach ontol\u00f3gica y conferencista<\/li>\n<li>Especialista en cu\u00e1druple Impacto (humano-social-ambiental-<br \/>\necon\u00f3mico). Diversidad, Equidad, Inclusi\u00f3n y Pertenencia<br \/>\nDEIP. Florecimiento humano y cultivo de compasi\u00f3n<\/li>\n<li>Certificada Modelo Igualdad de G\u00e9nero MIG SCORE &#8211; OIT<\/li>\n<li>Parte de la Red Conscious Business (CBN)<\/li>\n<li>Comit\u00e9 Asesor Movimiento Iberoamericano de RSE Empresability<\/li>\n<li>Parte del Comit\u00e9 Liderazgo P&amp;amp;G Alumni Colombia<\/li>\n<li>Co-Iniciadora IDGs Inner Development Goals Colombia Centre<\/li>\n<\/ul>\n<p>[\/vc_column_text][vc_column_text css_animation=&#8221;fadeIn&#8221; css=&#8221;.vc_custom_1714421824012{margin-top: 40px !important;}&#8221;]<strong>M\u00e1s de 32 a\u00f1os de experiencia corporativa internacional<\/strong>[\/vc_column_text][vc_column_text]<\/p>\n<h6><a href=\"https:\/\/inspirandot.com\/wp-content\/uploads\/2021\/08\/BIC-REPORTE-FORMATO-B-SUPER-SOCIEDADES-AGO-20-21-WEB.pdf\"><em><strong><span style=\"color: #6dc965;\">Reportes Sociedad BIC \u2013 Empresa B \/ 2021 &#8211; PDF<\/span><\/strong><\/em><\/a><\/h6>\n<h6><a href=\"https:\/\/inspirandot.com\/wp-content\/uploads\/2023\/08\/Reporte-BIC-2022_May-30-2023-SENT.pdf\"><em><strong><span style=\"color: #6dc965;\">Reportes Sociedad BIC \u2013 Empresa B \/ 2022 &#8211; PD<\/span><\/strong><\/em><\/a><a href=\"https:\/\/inspirandot.com\/wp-content\/uploads\/2023\/08\/Reporte-BIC-2022_May-30-2023-SENT.pdf\"><em><strong><span style=\"color: #6dc965;\">F<\/span><\/strong><\/em><\/a><\/h6>\n<h6><span style=\"color: #99cc00;\"><em><strong><a style=\"color: #99cc00;\" href=\"https:\/\/inspirandot.com\/wp-content\/uploads\/2024\/06\/REPORTE_BIC_2023-2024.pdf\" target=\"_blank\" rel=\"noopener\">Reporte sociedades BIC- Empresa B \/ 2023b<\/a><\/strong><\/em><\/span><\/h6>\n<h6><span style=\"color: #99cc00;\"><em><strong><a style=\"color: #99cc00;\" href=\"https:\/\/inspirandot.com\/wp-content\/uploads\/2025\/05\/INSPIRANDOT-REPORTE-BIC-2024-FINAL-MAYO-2025.pdf\" target=\"_blank\" rel=\"noopener\">Reporte sociedades BIC- Empresa B \/ 2024<\/a><\/strong><\/em><\/span><\/h6>\n<p>[\/vc_column_text][\/vc_column][vc_column width=&#8221;1\/3&#8243;][vc_single_image image=&#8221;2900&#8243; img_size=&#8221;medium&#8221; alignment=&#8221;center&#8221; style=&#8221;vc_box_border_circle_2&#8243; border_color=&#8221;green&#8221; onclick=&#8221;custom_link&#8221; img_link_target=&#8221;_blank&#8221; css=&#8221;.vc_custom_1675697374878{margin-top: 50px !important;}&#8221;][vc_custom_heading text=&#8221;Ver Linkedin&#8221; font_container=&#8221;tag:h2|text_align:center|color:%23000000&#8243; google_fonts=&#8221;font_family:Roboto%20Condensed%3A300%2C300italic%2Cregular%2Citalic%2C700%2C700italic|font_style:400%20regular%3A400%3Anormal&#8221; css_animation=&#8221;fadeIn&#8221; link=&#8221;url:https%3A%2F%2Fwww.linkedin.com%2Fin%2Fcristinadearmasp%2F||target:%20_blank|&#8221;][\/vc_column][\/vc_row][vc_row][vc_column][vc_single_image image=&#8221;3206&#8243; img_size=&#8221;full&#8221; alignment=&#8221;center&#8221;][\/vc_column][\/vc_row][vc_row][vc_column][vc_custom_heading text=&#8221;Nuestros Aliados Estrat\u00e9gicos&#8221; font_container=&#8221;tag:h2|text_align:center|color:%23000000&#8243; google_fonts=&#8221;font_family:Roboto%20Condensed%3A300%2C300italic%2Cregular%2Citalic%2C700%2C700italic|font_style:700%20bold%20regular%3A700%3Anormal&#8221; css_animation=&#8221;fadeIn&#8221;][\/vc_column][\/vc_row][vc_row css=&#8221;.vc_custom_1579192045937{margin-top: 0px !important;margin-right: 0px !important;margin-bottom: 0px !important;margin-left: 0px !important;padding-top: 0px !important;padding-right: 0px !important;padding-bottom: 0px !important;padding-left: 0px !important;}&#8221;][vc_column]<!--sponsors style One-->\r\n<section class=\"sponsors-style-one\">\r\n\t<div class=\"auto-container\">\r\n\t\t<div class=\"sponsors-outer\">\r\n\t\t\t<!--Sponsors Carousel-->\r\n\t\t\t<ul class=\"sponsors-carousel\">\r\n\t\t\t\t\r\n\t\t\t\t\t\t\t\t\t<li class=\"slide-item\"><figure class=\"image-box\"><a href=\"\"><img decoding=\"async\" src=\"https:\/\/inspirandot.com\/wp-content\/uploads\/2023\/08\/THING-TALK.png\" alt=\"\"><\/a><\/figure><\/li>\r\n\t\t\t\t\t\t\t\t\t<li class=\"slide-item\"><figure class=\"image-box\"><a href=\"\"><img decoding=\"async\" src=\"https:\/\/inspirandot.com\/wp-content\/uploads\/2023\/08\/SODEXO.png\" alt=\"\"><\/a><\/figure><\/li>\r\n\t\t\t\t\t\t\t\t\t<li class=\"slide-item\"><figure class=\"image-box\"><a href=\"\"><img decoding=\"async\" src=\"https:\/\/inspirandot.com\/wp-content\/uploads\/2023\/08\/SHIFT-506.png\" alt=\"\"><\/a><\/figure><\/li>\r\n\t\t\t\t\t\t\t\t\t<li class=\"slide-item\"><figure class=\"image-box\"><a href=\"\"><img decoding=\"async\" src=\"https:\/\/inspirandot.com\/wp-content\/uploads\/2023\/08\/SERGIO-URREGO.png\" alt=\"\"><\/a><\/figure><\/li>\r\n\t\t\t\t\t\t\t\t\t<li class=\"slide-item\"><figure class=\"image-box\"><a href=\"\"><img decoding=\"async\" src=\"https:\/\/inspirandot.com\/wp-content\/uploads\/2023\/08\/SAVING-THE-AMAZON.png\" alt=\"\"><\/a><\/figure><\/li>\r\n\t\t\t\t\t\t\t\t\t<li class=\"slide-item\"><figure class=\"image-box\"><a href=\"\"><img decoding=\"async\" src=\"https:\/\/inspirandot.com\/wp-content\/uploads\/2023\/08\/RED-MUNDIAL-DE-CONFERENCISTAS.png\" alt=\"\"><\/a><\/figure><\/li>\r\n\t\t\t\t\t\t\t\t\t<li class=\"slide-item\"><figure class=\"image-box\"><a href=\"\"><img decoding=\"async\" src=\"https:\/\/inspirandot.com\/wp-content\/uploads\/2023\/08\/QUANTIFY.png\" alt=\"\"><\/a><\/figure><\/li>\r\n\t\t\t\t\t\t\t\t\t<li class=\"slide-item\"><figure class=\"image-box\"><a href=\"\"><img decoding=\"async\" src=\"https:\/\/inspirandot.com\/wp-content\/uploads\/2023\/08\/PLAN-V.png\" alt=\"\"><\/a><\/figure><\/li>\r\n\t\t\t\t\t\t\t\t\t<li class=\"slide-item\"><figure class=\"image-box\"><a href=\"\"><img decoding=\"async\" src=\"https:\/\/inspirandot.com\/wp-content\/uploads\/2023\/08\/OPENMIND.png\" alt=\"\"><\/a><\/figure><\/li>\r\n\t\t\t\t\t\t\t\t\t<li class=\"slide-item\"><figure class=\"image-box\"><a href=\"\"><img decoding=\"async\" src=\"https:\/\/inspirandot.com\/wp-content\/uploads\/2023\/08\/OIT-.png\" alt=\"\"><\/a><\/figure><\/li>\r\n\t\t\t\t\t\t\t\t\t<li class=\"slide-item\"><figure class=\"image-box\"><a href=\"\"><img decoding=\"async\" src=\"https:\/\/inspirandot.com\/wp-content\/uploads\/2023\/08\/IKUT.png\" alt=\"\"><\/a><\/figure><\/li>\r\n\t\t\t\t\t\t\t\t\t<li class=\"slide-item\"><figure class=\"image-box\"><a href=\"\"><img decoding=\"async\" src=\"https:\/\/inspirandot.com\/wp-content\/uploads\/2023\/08\/HUMANISTIC-MANAGEMENT.png\" alt=\"\"><\/a><\/figure><\/li>\r\n\t\t\t\t\t\t\t\t\t<li class=\"slide-item\"><figure class=\"image-box\"><a href=\"\"><img decoding=\"async\" src=\"https:\/\/inspirandot.com\/wp-content\/uploads\/2023\/08\/HIDROSFERA.png\" alt=\"\"><\/a><\/figure><\/li>\r\n\t\t\t\t\t\t\t\t\t<li class=\"slide-item\"><figure class=\"image-box\"><a href=\"\"><img decoding=\"async\" src=\"https:\/\/inspirandot.com\/wp-content\/uploads\/2023\/08\/HAMKKE.png\" alt=\"\"><\/a><\/figure><\/li>\r\n\t\t\t\t\t\t\t\t\t<li class=\"slide-item\"><figure class=\"image-box\"><a href=\"\"><img decoding=\"async\" src=\"https:\/\/inspirandot.com\/wp-content\/uploads\/2023\/08\/GERENCIA-MODERNA.png\" alt=\"\"><\/a><\/figure><\/li>\r\n\t\t\t\t\t\t\t\t\t<li class=\"slide-item\"><figure class=\"image-box\"><a href=\"\"><img decoding=\"async\" src=\"https:\/\/inspirandot.com\/wp-content\/uploads\/2023\/08\/GENESIS.png\" alt=\"\"><\/a><\/figure><\/li>\r\n\t\t\t\t\t\t\t\t\t<li class=\"slide-item\"><figure class=\"image-box\"><a href=\"\"><img decoding=\"async\" src=\"https:\/\/inspirandot.com\/wp-content\/uploads\/2023\/08\/F.-IDEAS-PAZ.png\" alt=\"\"><\/a><\/figure><\/li>\r\n\t\t\t\t\t\t\t\t\t<li class=\"slide-item\"><figure class=\"image-box\"><a href=\"\"><img decoding=\"async\" src=\"https:\/\/inspirandot.com\/wp-content\/uploads\/2023\/08\/F.-IDEAL.png\" alt=\"\"><\/a><\/figure><\/li>\r\n\t\t\t\t\t\t\t\t\t<li class=\"slide-item\"><figure class=\"image-box\"><a href=\"\"><img decoding=\"async\" src=\"https:\/\/inspirandot.com\/wp-content\/uploads\/2023\/08\/EMPRESABILITY.png\" alt=\"\"><\/a><\/figure><\/li>\r\n\t\t\t\t\t\t\t\t\t<li class=\"slide-item\"><figure class=\"image-box\"><a href=\"\"><img decoding=\"async\" src=\"https:\/\/inspirandot.com\/wp-content\/uploads\/2023\/08\/EAN.png\" alt=\"\"><\/a><\/figure><\/li>\r\n\t\t\t\t\t\t\t\t\t<li class=\"slide-item\"><figure class=\"image-box\"><a href=\"\"><img decoding=\"async\" src=\"https:\/\/inspirandot.com\/wp-content\/uploads\/2023\/08\/DESARROLLARTE-PLUS.png\" alt=\"\"><\/a><\/figure><\/li>\r\n\t\t\t\t\t\t\t\t\t<li class=\"slide-item\"><figure class=\"image-box\"><a href=\"\"><img decoding=\"async\" src=\"https:\/\/inspirandot.com\/wp-content\/uploads\/2023\/08\/DAISVAL.png\" alt=\"\"><\/a><\/figure><\/li>\r\n\t\t\t\t\t\t\t\t\t<li class=\"slide-item\"><figure class=\"image-box\"><a href=\"\"><img decoding=\"async\" src=\"https:\/\/inspirandot.com\/wp-content\/uploads\/2023\/08\/CREATIVE-LAB.png\" alt=\"\"><\/a><\/figure><\/li>\r\n\t\t\t\t\t\t\t\t\t<li class=\"slide-item\"><figure class=\"image-box\"><a href=\"\"><img decoding=\"async\" src=\"https:\/\/inspirandot.com\/wp-content\/uploads\/2023\/08\/CORAZON-DE-NINO.png\" alt=\"\"><\/a><\/figure><\/li>\r\n\t\t\t\t\t\t\t\t\t<li class=\"slide-item\"><figure class=\"image-box\"><a href=\"\"><img decoding=\"async\" src=\"https:\/\/inspirandot.com\/wp-content\/uploads\/2023\/08\/COLSUBSIDIO.png\" alt=\"\"><\/a><\/figure><\/li>\r\n\t\t\t\t\t\t\t\t\t<li class=\"slide-item\"><figure class=\"image-box\"><a href=\"\"><img decoding=\"async\" src=\"https:\/\/inspirandot.com\/wp-content\/uploads\/2023\/08\/COIMPACTO-B.png\" alt=\"\"><\/a><\/figure><\/li>\r\n\t\t\t\t\t\t\t\t\t<li class=\"slide-item\"><figure class=\"image-box\"><a href=\"\"><img decoding=\"async\" src=\"https:\/\/inspirandot.com\/wp-content\/uploads\/2023\/08\/CENTRO-RS.png\" alt=\"\"><\/a><\/figure><\/li>\r\n\t\t\t\t\t\t\t\t\t<li class=\"slide-item\"><figure class=\"image-box\"><a href=\"\"><img decoding=\"async\" src=\"https:\/\/inspirandot.com\/wp-content\/uploads\/2023\/08\/CBJ.png\" alt=\"\"><\/a><\/figure><\/li>\r\n\t\t\t\t\t\t\t\t\t<li class=\"slide-item\"><figure class=\"image-box\"><a href=\"\"><img decoding=\"async\" src=\"https:\/\/inspirandot.com\/wp-content\/uploads\/2023\/08\/BOSQUE-NAGAL.png\" alt=\"\"><\/a><\/figure><\/li>\r\n\t\t\t\t\t\t\t\t\t<li class=\"slide-item\"><figure class=\"image-box\"><a href=\"\"><img decoding=\"async\" src=\"https:\/\/inspirandot.com\/wp-content\/uploads\/2023\/08\/ACRIP.png\" alt=\"\"><\/a><\/figure><\/li>\r\n\t\t\t\t\t\t\t\t\t<li class=\"slide-item\"><figure class=\"image-box\"><a href=\"\"><img decoding=\"async\" src=\"https:\/\/inspirandot.com\/wp-content\/uploads\/2023\/08\/CVC-1.png\" alt=\"\"><\/a><\/figure><\/li>\r\n\t\t\t\t\t\t\t\t\t<li class=\"slide-item\"><figure class=\"image-box\"><a href=\"\"><img decoding=\"async\" src=\"https:\/\/inspirandot.com\/wp-content\/uploads\/2023\/11\/Contreebute.png\" alt=\"\"><\/a><\/figure><\/li>\r\n\t\t\t\t\t\t\t\t\t<li class=\"slide-item\"><figure class=\"image-box\"><a href=\"\"><img decoding=\"async\" src=\"https:\/\/inspirandot.com\/wp-content\/uploads\/2023\/11\/Smartcities.png\" alt=\"\"><\/a><\/figure><\/li>\r\n\t\t\t\t\t\t\t\t\t<li class=\"slide-item\"><figure class=\"image-box\"><a href=\"\"><img decoding=\"async\" src=\"https:\/\/inspirandot.com\/wp-content\/uploads\/2024\/12\/image-6.jpg\" alt=\"\"><\/a><\/figure><\/li>\r\n\t\t\t\t\t\t\t\t\t<li class=\"slide-item\"><figure class=\"image-box\"><a href=\"\"><img decoding=\"async\" src=\"https:\/\/inspirandot.com\/wp-content\/uploads\/2024\/12\/image-7.jpg\" alt=\"\"><\/a><\/figure><\/li>\r\n\t\t\t\t\t\t\t\t\t<li class=\"slide-item\"><figure class=\"image-box\"><a href=\"\"><img decoding=\"async\" src=\"https:\/\/inspirandot.com\/wp-content\/uploads\/2024\/12\/image-8.jpg\" alt=\"\"><\/a><\/figure><\/li>\r\n\t\t\t\t\t\t\t\t\t<li class=\"slide-item\"><figure class=\"image-box\"><a href=\"\"><img decoding=\"async\" src=\"https:\/\/inspirandot.com\/wp-content\/uploads\/2024\/12\/image-9.jpg\" alt=\"\"><\/a><\/figure><\/li>\r\n\t\t\t\t\t\t\t\t\t<li class=\"slide-item\"><figure class=\"image-box\"><a href=\"\"><img decoding=\"async\" src=\"https:\/\/inspirandot.com\/wp-content\/uploads\/2024\/12\/image-10.jpg\" alt=\"\"><\/a><\/figure><\/li>\r\n\t\t\t\t\t\t\t\t\t<li class=\"slide-item\"><figure class=\"image-box\"><a href=\"\"><img decoding=\"async\" src=\"https:\/\/inspirandot.com\/wp-content\/uploads\/2024\/12\/image-12.jpg\" alt=\"\"><\/a><\/figure><\/li>\r\n\t\t\t\t\t\t\t\t\t<li class=\"slide-item\"><figure class=\"image-box\"><a href=\"\"><img decoding=\"async\" src=\"https:\/\/inspirandot.com\/wp-content\/uploads\/2024\/12\/image-13.jpg\" alt=\"\"><\/a><\/figure><\/li>\r\n\t\t\t\t\t\t\t\t\t<li class=\"slide-item\"><figure class=\"image-box\"><a href=\"\"><img decoding=\"async\" src=\"https:\/\/inspirandot.com\/wp-content\/uploads\/2024\/12\/image-14.jpg\" alt=\"\"><\/a><\/figure><\/li>\r\n\t\t\t\t\t\t\t\t\t<li class=\"slide-item\"><figure class=\"image-box\"><a href=\"\"><img decoding=\"async\" src=\"https:\/\/inspirandot.com\/wp-content\/uploads\/2024\/12\/image-15.jpg\" alt=\"\"><\/a><\/figure><\/li>\r\n\t\t\t\t\t\t\t\t\t<li class=\"slide-item\"><figure class=\"image-box\"><a href=\"\"><img decoding=\"async\" src=\"https:\/\/inspirandot.com\/wp-content\/uploads\/2024\/12\/image-16.jpg\" alt=\"\"><\/a><\/figure><\/li>\r\n\t\t\t\t\t\t\t\t\t<li class=\"slide-item\"><figure class=\"image-box\"><a href=\"\"><img decoding=\"async\" src=\"https:\/\/inspirandot.com\/wp-content\/uploads\/2024\/12\/image-20.jpg\" alt=\"\"><\/a><\/figure><\/li>\r\n\t\t\t\t\t\t\t\t\t<li class=\"slide-item\"><figure class=\"image-box\"><a href=\"\"><img decoding=\"async\" src=\"https:\/\/inspirandot.com\/wp-content\/uploads\/2024\/12\/image-21.jpg\" alt=\"\"><\/a><\/figure><\/li>\r\n\t\t\t\t\t\t\t\t\t<li class=\"slide-item\"><figure class=\"image-box\"><a href=\"\"><img decoding=\"async\" src=\"https:\/\/inspirandot.com\/wp-content\/uploads\/2024\/12\/image-22.jpg\" alt=\"\"><\/a><\/figure><\/li>\r\n\t\t\t\t\t\t\t\t\t<li class=\"slide-item\"><figure class=\"image-box\"><a href=\"\"><img decoding=\"async\" src=\"https:\/\/inspirandot.com\/wp-content\/uploads\/2024\/12\/image-23.jpg\" alt=\"\"><\/a><\/figure><\/li>\r\n\t\t\t\t\t\t\t\t\t<li class=\"slide-item\"><figure class=\"image-box\"><a href=\"\"><img decoding=\"async\" src=\"https:\/\/inspirandot.com\/wp-content\/uploads\/2024\/12\/image-24.jpg\" alt=\"\"><\/a><\/figure><\/li>\r\n\t\t\t\t\t\t\t\t\r\n\t\t\t<\/ul>\r\n\t\t<\/div>\r\n\t<\/div>\r\n<\/section>\r\n\r\n[\/vc_column][\/vc_row]<\/p>\n","protected":false},"excerpt":{"rendered":"<p>[vc_row][vc_column][vc_column_text][\/vc_column_text][vc_empty_space][vc_column_text] Somos creadores del \u201cForo de Organizaciones Conscientes Colombia \u2013 Historias que Inspiran e Impactan\u201d, desde el 2018. Nuestras 3 unidades de negocio generan sinergias y se apalancan para ofrecer soluciones a la medida a nuestros grupos de inter\u00e9s: Negocios\/Organizaciones Conscientes, Soluciones Sostenibles, Diversidad Equidad Inclusi\u00f3n Pertenencia. Adicionalmente, somos parte del grupo empresarial familiar Hedap<\/p>\n","protected":false},"author":1,"featured_media":0,"parent":0,"menu_order":0,"comment_status":"closed","ping_status":"closed","template":"","meta":{"_mc_calendar":[],"footnotes":""},"class_list":["post-1199","page","type-page","status-publish","hentry"],"_links":{"self":[{"href":"https:\/\/inspirandot.com\/index.php\/wp-json\/wp\/v2\/pages\/1199","targetHints":{"allow":["GET"]}}],"collection":[{"href":"https:\/\/inspirandot.com\/index.php\/wp-json\/wp\/v2\/pages"}],"about":[{"href":"https:\/\/inspirandot.com\/index.php\/wp-json\/wp\/v2\/types\/page"}],"author":[{"embeddable":true,"href":"https:\/\/inspirandot.com\/index.php\/wp-json\/wp\/v2\/users\/1"}],"replies":[{"embeddable":true,"href":"https:\/\/inspirandot.com\/index.php\/wp-json\/wp\/v2\/comments?post=1199"}],"version-history":[{"count":90,"href":"https:\/\/inspirandot.com\/index.php\/wp-json\/wp\/v2\/pages\/1199\/revisions"}],"predecessor-version":[{"id":3733,"href":"https:\/\/inspirandot.com\/index.php\/wp-json\/wp\/v2\/pages\/1199\/revisions\/3733"}],"wp:attachment":[{"href":"https:\/\/inspirandot.com\/index.php\/wp-json\/wp\/v2\/media?parent=1199"}],"curies":[{"name":"wp","href":"https:\/\/api.w.org\/{rel}","templated":true}]}}